{"id":1135,"date":"2019-09-27T08:31:33","date_gmt":"2019-09-27T08:31:33","guid":{"rendered":"https:\/\/hotelalcaminetto.devel10.com\/attivita\/"},"modified":"2019-11-26T11:08:36","modified_gmt":"2019-11-26T11:08:36","slug":"aktivitaeten","status":"publish","type":"page","link":"https:\/\/www.hotelalcaminetto.org\/de\/aktivitaeten\/","title":{"rendered":"Aktivit\u00e4ten"},"content":{"rendered":"<p>[et_pb_section fb_built=&#8220;1&#8243; fullwidth=&#8220;on&#8220; _builder_version=&#8220;3.27.4&#8243; locked=&#8220;off&#8220;][et_pb_fullwidth_image _builder_version=&#8220;4.0.5&#8243; background_enable_color=&#8220;off&#8220; use_background_color_gradient=&#8220;on&#8220; background_color_gradient_start=&#8220;rgba(0,0,0,0.75)&#8220; background_color_gradient_end=&#8220;rgba(255,255,255,0)&#8220; background_color_gradient_overlays_image=&#8220;on&#8220; background_image=&#8220;https:\/\/www.hotelalcaminetto.org\/wp-content\/uploads\/2019\/11\/slide_sciatori2.jpg&#8220; height=&#8220;696px&#8220; height_tablet=&#8220;419px&#8220; height_phone=&#8220;346px&#8220; height_last_edited=&#8220;on|tablet&#8220;][\/et_pb_fullwidth_image][\/et_pb_section][et_pb_section fb_built=&#8220;1&#8243; _builder_version=&#8220;3.27.4&#8243; background_color_gradient_direction=&#8220;107deg&#8220; background_image=&#8220;https:\/\/www.hotelalcaminetto.org\/wp-content\/uploads\/2019\/09\/sfondoscuro2.png&#8220; background_size=&#8220;initial&#8220; background_position=&#8220;bottom_left&#8220; background_repeat=&#8220;repeat&#8220; custom_margin=&#8220;0px||||false|false&#8220; custom_padding=&#8220;0px||||false|false&#8220; locked=&#8220;off&#8220;][et_pb_row use_custom_gutter=&#8220;on&#8220; gutter_width=&#8220;1&#8243; make_equal=&#8220;on&#8220; _builder_version=&#8220;3.27.4&#8243; background_image=&#8220;https:\/\/www.hotelalcaminetto.org\/wp-content\/uploads\/2019\/09\/cornice6.png&#8220; background_size=&#8220;initial&#8220; background_repeat=&#8220;repeat-x&#8220; width=&#8220;100%&#8220; max_width=&#8220;100%&#8220; height=&#8220;50px&#8220; custom_margin=&#8220;0px||0px||false|false&#8220; custom_padding=&#8220;0px||0px||false|false&#8220;][et_pb_column type=&#8220;4_4&#8243; _builder_version=&#8220;3.27.4&#8243;][\/et_pb_column][\/et_pb_row][et_pb_row column_structure=&#8220;1_2,1_2&#8243; _builder_version=&#8220;3.29.3&#8243; custom_margin=&#8220;40px||0px||false|false&#8220; custom_padding=&#8220;||0px||false|false&#8220;][et_pb_column type=&#8220;1_2&#8243; _builder_version=&#8220;3.27.2&#8243;][et_pb_text _builder_version=&#8220;4.0.5&#8243; text_text_color=&#8220;#bb8b38&#8243; header_text_color=&#8220;#ebdabe&#8220; header_font_size=&#8220;38px&#8220;]<\/p>\n<h1>Aktivit\u00e4ten<\/h1>\n<p>[\/et_pb_text][et_pb_divider color=&#8220;#ebdabe&#8220; divider_weight=&#8220;2px&#8220; disabled_on=&#8220;on|off|off&#8220; _builder_version=&#8220;3.27.4&#8243; width=&#8220;6%&#8220; custom_margin=&#8220;||||false|false&#8220; custom_padding=&#8220;0vh||||false|false&#8220;][\/et_pb_divider][et_pb_text _builder_version=&#8220;4.0.5&#8243; text_text_color=&#8220;#ffffff&#8220; text_font_size=&#8220;17px&#8220; text_line_height=&#8220;1.5em&#8220; transform_scale_tablet=&#8220;&#8220; transform_scale_phone=&#8220;&#8220; transform_scale_last_edited=&#8220;on|desktop&#8220; transform_translate=&#8220;-15px|-6vh&#8220; transform_translate_tablet=&#8220;&#8220; transform_translate_phone=&#8220;&#8220; transform_translate_last_edited=&#8220;on|phone&#8220; transform_translate_linked=&#8220;off&#8220; transform_rotate_tablet=&#8220;&#8220; transform_rotate_phone=&#8220;&#8220; transform_rotate_last_edited=&#8220;on|desktop&#8220; transform_skew_tablet=&#8220;&#8220; transform_skew_phone=&#8220;&#8220; transform_skew_last_edited=&#8220;on|desktop&#8220; transform_origin_tablet=&#8220;&#8220; transform_origin_phone=&#8220;&#8220; transform_origin_last_edited=&#8220;on|desktop&#8220; transform_styles_last_edited=&#8220;on|phone&#8220; custom_margin=&#8220;|||60px|false|false&#8220; custom_margin_tablet=&#8220;&#8220; custom_margin_phone=&#8220;|||20px|false|false&#8220; custom_margin_last_edited=&#8220;on|phone&#8220; z_index_tablet=&#8220;500&#8243; transform_styles_tablet=&#8220;&#8220; transform_styles_phone=&#8220;&#8220; text_text_shadow_horizontal_length_tablet=&#8220;0px&#8220; text_text_shadow_vertical_length_tablet=&#8220;0px&#8220; text_text_shadow_blur_strength_tablet=&#8220;1px&#8220; link_text_shadow_horizontal_length_tablet=&#8220;0px&#8220; link_text_shadow_vertical_length_tablet=&#8220;0px&#8220; link_text_shadow_blur_strength_tablet=&#8220;1px&#8220; ul_text_shadow_horizontal_length_tablet=&#8220;0px&#8220; ul_text_shadow_vertical_length_tablet=&#8220;0px&#8220; ul_text_shadow_blur_strength_tablet=&#8220;1px&#8220; ol_text_shadow_horizontal_length_tablet=&#8220;0px&#8220; ol_text_shadow_vertical_length_tablet=&#8220;0px&#8220; ol_text_shadow_blur_strength_tablet=&#8220;1px&#8220; quote_text_shadow_horizontal_length_tablet=&#8220;0px&#8220; quote_text_shadow_vertical_length_tablet=&#8220;0px&#8220; quote_text_shadow_blur_strength_tablet=&#8220;1px&#8220; header_text_shadow_horizontal_length_tablet=&#8220;0px&#8220; header_text_shadow_vertical_length_tablet=&#8220;0px&#8220; header_text_shadow_blur_strength_tablet=&#8220;1px&#8220; header_2_text_shadow_horizontal_length_tablet=&#8220;0px&#8220; header_2_text_shadow_vertical_length_tablet=&#8220;0px&#8220; header_2_text_shadow_blur_strength_tablet=&#8220;1px&#8220; header_3_text_shadow_horizontal_length_tablet=&#8220;0px&#8220; header_3_text_shadow_vertical_length_tablet=&#8220;0px&#8220; header_3_text_shadow_blur_strength_tablet=&#8220;1px&#8220; header_4_text_shadow_horizontal_length_tablet=&#8220;0px&#8220; header_4_text_shadow_vertical_length_tablet=&#8220;0px&#8220; header_4_text_shadow_blur_strength_tablet=&#8220;1px&#8220; header_5_text_shadow_horizontal_length_tablet=&#8220;0px&#8220; header_5_text_shadow_vertical_length_tablet=&#8220;0px&#8220; header_5_text_shadow_blur_strength_tablet=&#8220;1px&#8220; header_6_text_shadow_horizontal_length_tablet=&#8220;0px&#8220; header_6_text_shadow_vertical_length_tablet=&#8220;0px&#8220; header_6_text_shadow_blur_strength_tablet=&#8220;1px&#8220; box_shadow_horizontal_tablet=&#8220;0px&#8220; box_shadow_vertical_tablet=&#8220;0px&#8220; box_shadow_blur_tablet=&#8220;40px&#8220; box_shadow_spread_tablet=&#8220;0px&#8220;]<\/p>\n<p><strong>Was kann man bei uns unternehmen?<\/strong><br \/>\nHier bei uns kennen wir unsere Umgebung besten (ohne dabei arrogant zu sein, glaube ich). <br \/>Meine Mutter hat alle Burgen und Sehensw\u00fcrdigkeiten besichtigt und kennt die Geschichte und die Kultur unseres Tals. Mein Vater ist Skilehrer, Radfahrer und Mountainbiker und kennt jede Piste und jeden Wanderweg wie seine Westentasche: er wird Sie aufs Beste beraten! Mein Bruder ist begeisterter Down Hiller mit dem Fahrrad und kann Ihnen jegliche Hinweise bieten.<br \/> Und ich? Ich liebe den Bergsport, vom Laufen bis zum Wandern, vom Klettern bis zum Alpinismus, vom Mountainbike bis zum Tourenskilauf und Langlauf, von Exkursionen in unseren Bergen bis hin zu Reisen im Himalaya. Aber eine Leidenschaft zeichnet unsere Familie seit Generationen aus: Sie in unseren Bergen willkommen zu hei\u00dfen. Jede Woche, jeden Tag, jede Stunde begleiten wir Sie mit einem L\u00e4cheln durch Ihren Urlaub mit der W\u00e4rme einer gro\u00dfen Familie.<\/p>\n<p>[\/et_pb_text][\/et_pb_column][et_pb_column type=&#8220;1_2&#8243; _builder_version=&#8220;3.27.2&#8243;][et_pb_gallery gallery_ids=&#8220;778,774,777,773,925,933,921,929,945,771,937,941&#8243; fullwidth=&#8220;on&#8220; hover_icon=&#8220;%%15%%&#8220; _builder_version=&#8220;4.0.5&#8243; title_text_color=&#8220;#ffffff&#8220; pagination_text_color=&#8220;#ffffff&#8220; background_layout=&#8220;dark&#8220; custom_padding=&#8220;60px||||false|false&#8220; custom_padding_tablet=&#8220;0px||||false|false&#8220; custom_padding_phone=&#8220;&#8220; custom_padding_last_edited=&#8220;on|desktop&#8220; auto=&#8220;on&#8220; auto_speed=&#8220;4000&#8243; z_index_tablet=&#8220;500&#8243; title_text_shadow_horizontal_length_tablet=&#8220;0px&#8220; title_text_shadow_vertical_length_tablet=&#8220;0px&#8220; title_text_shadow_blur_strength_tablet=&#8220;1px&#8220; caption_text_shadow_horizontal_length_tablet=&#8220;0px&#8220; caption_text_shadow_vertical_length_tablet=&#8220;0px&#8220; caption_text_shadow_blur_strength_tablet=&#8220;1px&#8220; pagination_text_shadow_horizontal_length_tablet=&#8220;0px&#8220; pagination_text_shadow_vertical_length_tablet=&#8220;0px&#8220; pagination_text_shadow_blur_strength_tablet=&#8220;1px&#8220; border_width_top=&#8220;10px&#8220; border_color_top=&#8220;#ebdabe&#8220; border_width_top_tablet=&#8220;10px&#8220; border_width_top_phone=&#8220;10px&#8220; box_shadow_horizontal_tablet=&#8220;0px&#8220; box_shadow_vertical_tablet=&#8220;0px&#8220; box_shadow_blur_tablet=&#8220;40px&#8220; box_shadow_spread_tablet=&#8220;0px&#8220; box_shadow_horizontal_image_tablet=&#8220;0px&#8220; box_shadow_vertical_image_tablet=&#8220;0px&#8220; box_shadow_blur_image_tablet=&#8220;40px&#8220; box_shadow_spread_image_tablet=&#8220;0px&#8220; text_shadow_horizontal_length_tablet=&#8220;0px&#8220; text_shadow_vertical_length_tablet=&#8220;0px&#8220; text_shadow_blur_strength_tablet=&#8220;1px&#8220;][\/et_pb_gallery][\/et_pb_column][\/et_pb_row][et_pb_row _builder_version=&#8220;3.29.3&#8243; custom_margin=&#8220;0px||||false|false&#8220; custom_margin_tablet=&#8220;40px||||false|false&#8220; custom_margin_phone=&#8220;&#8220; custom_margin_last_edited=&#8220;on|phone&#8220; custom_padding=&#8220;0px||||false|false&#8220;][et_pb_column type=&#8220;4_4&#8243; _builder_version=&#8220;3.29.3&#8243;][et_pb_text _builder_version=&#8220;4.0.5&#8243; text_text_color=&#8220;#bb8b38&#8243; header_text_color=&#8220;#ebdabe&#8220; header_font_size=&#8220;38px&#8220; locked=&#8220;off&#8220;]<\/p>\n<h1>Leistungen:<\/h1>\n<p>[\/et_pb_text][\/et_pb_column][\/et_pb_row][et_pb_row column_structure=&#8220;1_4,1_4,1_4,1_4&#8243; _builder_version=&#8220;3.29.3&#8243; module_alignment=&#8220;center&#8220; custom_margin=&#8220;0px||||false|false&#8220; custom_padding=&#8220;0px||||false|false&#8220;][et_pb_column type=&#8220;1_4&#8243; _builder_version=&#8220;3.29.3&#8243;][et_pb_blurb title=&#8220;Fahrradkeller&#8220; image=&#8220;https:\/\/www.hotelalcaminetto.org\/wp-content\/uploads\/2019\/10\/bici2.png&#8220; _builder_version=&#8220;4.0.5&#8243; header_font=&#8220;Oxygen|||on|||||&#8220; header_text_align=&#8220;center&#8220; header_text_color=&#8220;#e8dabe&#8220; header_font_size=&#8220;14px&#8220; text_orientation=&#8220;center&#8220; animation_style=&#8220;fade&#8220; animation=&#8220;right&#8220; border_width_bottom_image=&#8220;5px&#8220; border_color_bottom_image=&#8220;#664b37&#8243; locked=&#8220;off&#8220;][\/et_pb_blurb][\/et_pb_column][et_pb_column type=&#8220;1_4&#8243; _builder_version=&#8220;3.29.3&#8243;][et_pb_blurb title=&#8220;Skikeller&#8220; image=&#8220;https:\/\/www.hotelalcaminetto.org\/wp-content\/uploads\/2019\/10\/depositosci.png&#8220; _builder_version=&#8220;4.0.5&#8243; header_font=&#8220;Oxygen|||on|||||&#8220; header_text_align=&#8220;center&#8220; header_text_color=&#8220;#e8dabe&#8220; header_font_size=&#8220;14px&#8220; text_orientation=&#8220;center&#8220; animation_style=&#8220;fade&#8220; animation=&#8220;right&#8220; border_width_bottom_image=&#8220;5px&#8220; border_color_bottom_image=&#8220;#664b37&#8243; locked=&#8220;off&#8220;][\/et_pb_blurb][\/et_pb_column][et_pb_column type=&#8220;1_4&#8243; _builder_version=&#8220;3.29.3&#8243;][et_pb_blurb title=&#8220;stiefelw\u00e4rme&#8220; image=&#8220;https:\/\/www.hotelalcaminetto.org\/wp-content\/uploads\/2019\/10\/scarponi.png&#8220; _builder_version=&#8220;4.0.5&#8243; header_font=&#8220;Oxygen|||on|||||&#8220; header_text_align=&#8220;center&#8220; header_text_color=&#8220;#e8dabe&#8220; header_font_size=&#8220;14px&#8220; text_orientation=&#8220;center&#8220; animation_style=&#8220;fade&#8220; animation=&#8220;right&#8220; border_width_bottom_image=&#8220;5px&#8220; border_color_bottom_image=&#8220;#664b37&#8243; locked=&#8220;off&#8220;][\/et_pb_blurb][\/et_pb_column][et_pb_column type=&#8220;1_4&#8243; _builder_version=&#8220;3.29.3&#8243;][et_pb_blurb title=&#8220;Garten&#8220; image=&#8220;https:\/\/www.hotelalcaminetto.org\/wp-content\/uploads\/2019\/11\/giardino.png&#8220; _builder_version=&#8220;4.0.5&#8243; header_font=&#8220;Oxygen|||on|||||&#8220; header_text_align=&#8220;center&#8220; header_text_color=&#8220;#e8dabe&#8220; header_font_size=&#8220;14px&#8220; text_orientation=&#8220;center&#8220; animation_style=&#8220;fade&#8220; animation=&#8220;right&#8220; border_width_bottom_image=&#8220;5px&#8220; border_color_bottom_image=&#8220;#664b37&#8243; locked=&#8220;off&#8220;][\/et_pb_blurb][\/et_pb_column][\/et_pb_row][\/et_pb_section]<\/p>\n","protected":false},"excerpt":{"rendered":"<p>Aktivit\u00e4tenWas kann man bei uns unternehmen? Hier bei uns kennen wir unsere Umgebung besten (ohne dabei arrogant zu sein, glaube ich). Meine Mutter hat alle Burgen und Sehensw\u00fcrdigkeiten besichtigt und kennt die Geschichte und die Kultur unseres Tals. Mein Vater ist Skilehrer, Radfahrer und Mountainbiker und kennt jede Piste und jeden Wanderweg wie seine Westentasche: [&hellip;]<\/p>\n","protected":false},"author":1,"featured_media":0,"parent":0,"menu_order":0,"comment_status":"closed","ping_status":"closed","template":"","meta":{"_et_pb_use_builder":"on","_et_pb_old_content":"","_et_gb_content_width":"","footnotes":""},"yoast_head":"<!-- This site is optimized with the Yoast SEO plugin v22.6 - https:\/\/yoast.com\/wordpress\/plugins\/seo\/ -->\n<title>Aktivit\u00e4ten - Valtournenche - Cervinia - Aostatal - Hotel Al Caminetto<\/title>\n<meta name=\"description\" content=\"Was kann man bei uns unternehmen?Hier bei uns kennen wir unsere Umgebung besten (ohne dabei arrogant zu sein, glaube ich). Meine Mutter hat alle Burgen und\" \/>\n<meta name=\"robots\" content=\"index, follow, max-snippet:-1, max-image-preview:large, max-video-preview:-1\" \/>\n<link rel=\"canonical\" href=\"https:\/\/www.hotelalcaminetto.org\/de\/aktivitaeten\/\" \/>\n<meta property=\"og:locale\" content=\"de_DE\" \/>\n<meta property=\"og:type\" content=\"article\" \/>\n<meta property=\"og:title\" content=\"Aktivit\u00e4ten - Valtournenche - Cervinia - Aostatal - Hotel Al Caminetto\" \/>\n<meta property=\"og:description\" content=\"Was kann man bei uns unternehmen?Hier bei uns kennen wir unsere Umgebung besten (ohne dabei arrogant zu sein, glaube ich). Meine Mutter hat alle Burgen und\" \/>\n<meta property=\"og:url\" content=\"https:\/\/www.hotelalcaminetto.org\/de\/aktivitaeten\/\" \/>\n<meta property=\"og:site_name\" content=\"Hotel Ristorante Al Caminetto - Valtournenche Cervinia\" \/>\n<meta property=\"article:modified_time\" content=\"2019-11-26T11:08:36+00:00\" \/>\n<meta name=\"twitter:card\" content=\"summary_large_image\" \/>\n<meta name=\"twitter:label1\" content=\"Gesch\u00e4tzte Lesezeit\" \/>\n\t<meta name=\"twitter:data1\" content=\"7\u00a0Minuten\" \/>\n<script type=\"application\/ld+json\" class=\"yoast-schema-graph\">{\"@context\":\"https:\/\/schema.org\",\"@graph\":[{\"@type\":\"WebPage\",\"@id\":\"https:\/\/www.hotelalcaminetto.org\/de\/aktivitaeten\/\",\"url\":\"https:\/\/www.hotelalcaminetto.org\/de\/aktivitaeten\/\",\"name\":\"Aktivit\u00e4ten - Valtournenche - Cervinia - Aostatal - Hotel Al Caminetto\",\"isPartOf\":{\"@id\":\"https:\/\/www.hotelalcaminetto.org\/de\/#website\"},\"datePublished\":\"2019-09-27T08:31:33+00:00\",\"dateModified\":\"2019-11-26T11:08:36+00:00\",\"description\":\"Was kann man bei uns unternehmen?Hier bei uns kennen wir unsere Umgebung besten (ohne dabei arrogant zu sein, glaube ich). Meine Mutter hat alle Burgen und\",\"breadcrumb\":{\"@id\":\"https:\/\/www.hotelalcaminetto.org\/de\/aktivitaeten\/#breadcrumb\"},\"inLanguage\":\"de\",\"potentialAction\":[{\"@type\":\"ReadAction\",\"target\":[\"https:\/\/www.hotelalcaminetto.org\/de\/aktivitaeten\/\"]}]},{\"@type\":\"BreadcrumbList\",\"@id\":\"https:\/\/www.hotelalcaminetto.org\/de\/aktivitaeten\/#breadcrumb\",\"itemListElement\":[{\"@type\":\"ListItem\",\"position\":1,\"name\":\"Home\",\"item\":\"https:\/\/www.hotelalcaminetto.org\/de\/\"},{\"@type\":\"ListItem\",\"position\":2,\"name\":\"Aktivit\u00e4ten\"}]},{\"@type\":\"WebSite\",\"@id\":\"https:\/\/www.hotelalcaminetto.org\/de\/#website\",\"url\":\"https:\/\/www.hotelalcaminetto.org\/de\/\",\"name\":\"Hotel Ristorante Al Caminetto - Valtournenche Cervinia\",\"description\":\"Hotel Ristorante\",\"potentialAction\":[{\"@type\":\"SearchAction\",\"target\":{\"@type\":\"EntryPoint\",\"urlTemplate\":\"https:\/\/www.hotelalcaminetto.org\/de\/?s={search_term_string}\"},\"query-input\":\"required name=search_term_string\"}],\"inLanguage\":\"de\"}]}<\/script>\n<!-- \/ Yoast SEO plugin. -->","yoast_head_json":{"title":"Aktivit\u00e4ten - Valtournenche - Cervinia - Aostatal - Hotel Al Caminetto","description":"Was kann man bei uns unternehmen?Hier bei uns kennen wir unsere Umgebung besten (ohne dabei arrogant zu sein, glaube ich). Meine Mutter hat alle Burgen und","robots":{"index":"index","follow":"follow","max-snippet":"max-snippet:-1","max-image-preview":"max-image-preview:large","max-video-preview":"max-video-preview:-1"},"canonical":"https:\/\/www.hotelalcaminetto.org\/de\/aktivitaeten\/","og_locale":"de_DE","og_type":"article","og_title":"Aktivit\u00e4ten - Valtournenche - Cervinia - Aostatal - Hotel Al Caminetto","og_description":"Was kann man bei uns unternehmen?Hier bei uns kennen wir unsere Umgebung besten (ohne dabei arrogant zu sein, glaube ich). Meine Mutter hat alle Burgen und","og_url":"https:\/\/www.hotelalcaminetto.org\/de\/aktivitaeten\/","og_site_name":"Hotel Ristorante Al Caminetto - Valtournenche Cervinia","article_modified_time":"2019-11-26T11:08:36+00:00","twitter_card":"summary_large_image","twitter_misc":{"Gesch\u00e4tzte Lesezeit":"7\u00a0Minuten"},"schema":{"@context":"https:\/\/schema.org","@graph":[{"@type":"WebPage","@id":"https:\/\/www.hotelalcaminetto.org\/de\/aktivitaeten\/","url":"https:\/\/www.hotelalcaminetto.org\/de\/aktivitaeten\/","name":"Aktivit\u00e4ten - Valtournenche - Cervinia - Aostatal - Hotel Al Caminetto","isPartOf":{"@id":"https:\/\/www.hotelalcaminetto.org\/de\/#website"},"datePublished":"2019-09-27T08:31:33+00:00","dateModified":"2019-11-26T11:08:36+00:00","description":"Was kann man bei uns unternehmen?Hier bei uns kennen wir unsere Umgebung besten (ohne dabei arrogant zu sein, glaube ich). Meine Mutter hat alle Burgen und","breadcrumb":{"@id":"https:\/\/www.hotelalcaminetto.org\/de\/aktivitaeten\/#breadcrumb"},"inLanguage":"de","potentialAction":[{"@type":"ReadAction","target":["https:\/\/www.hotelalcaminetto.org\/de\/aktivitaeten\/"]}]},{"@type":"BreadcrumbList","@id":"https:\/\/www.hotelalcaminetto.org\/de\/aktivitaeten\/#breadcrumb","itemListElement":[{"@type":"ListItem","position":1,"name":"Home","item":"https:\/\/www.hotelalcaminetto.org\/de\/"},{"@type":"ListItem","position":2,"name":"Aktivit\u00e4ten"}]},{"@type":"WebSite","@id":"https:\/\/www.hotelalcaminetto.org\/de\/#website","url":"https:\/\/www.hotelalcaminetto.org\/de\/","name":"Hotel Ristorante Al Caminetto - Valtournenche Cervinia","description":"Hotel Ristorante","potentialAction":[{"@type":"SearchAction","target":{"@type":"EntryPoint","urlTemplate":"https:\/\/www.hotelalcaminetto.org\/de\/?s={search_term_string}"},"query-input":"required name=search_term_string"}],"inLanguage":"de"}]}},"_links":{"self":[{"href":"https:\/\/www.hotelalcaminetto.org\/de\/wp-json\/wp\/v2\/pages\/1135"}],"collection":[{"href":"https:\/\/www.hotelalcaminetto.org\/de\/wp-json\/wp\/v2\/pages"}],"about":[{"href":"https:\/\/www.hotelalcaminetto.org\/de\/wp-json\/wp\/v2\/types\/page"}],"author":[{"embeddable":true,"href":"https:\/\/www.hotelalcaminetto.org\/de\/wp-json\/wp\/v2\/users\/1"}],"replies":[{"embeddable":true,"href":"https:\/\/www.hotelalcaminetto.org\/de\/wp-json\/wp\/v2\/comments?post=1135"}],"version-history":[{"count":5,"href":"https:\/\/www.hotelalcaminetto.org\/de\/wp-json\/wp\/v2\/pages\/1135\/revisions"}],"predecessor-version":[{"id":1216,"href":"https:\/\/www.hotelalcaminetto.org\/de\/wp-json\/wp\/v2\/pages\/1135\/revisions\/1216"}],"wp:attachment":[{"href":"https:\/\/www.hotelalcaminetto.org\/de\/wp-json\/wp\/v2\/media?parent=1135"}],"curies":[{"name":"wp","href":"https:\/\/api.w.org\/{rel}","templated":true}]}}