{"id":1138,"date":"2019-09-30T08:19:34","date_gmt":"2019-09-30T08:19:34","guid":{"rendered":"https:\/\/hotelalcaminetto.devel10.com\/contatti\/"},"modified":"2019-11-26T11:10:47","modified_gmt":"2019-11-26T11:10:47","slug":"kontakte","status":"publish","type":"page","link":"https:\/\/www.hotelalcaminetto.org\/de\/kontakte\/","title":{"rendered":"Kontakte"},"content":{"rendered":"<p>[et_pb_section fb_built=&#8220;1&#8243; fullwidth=&#8220;on&#8220; _builder_version=&#8220;3.27.4&#8243; locked=&#8220;off&#8220;][et_pb_fullwidth_image _builder_version=&#8220;3.29.3&#8243; background_enable_color=&#8220;off&#8220; use_background_color_gradient=&#8220;on&#8220; background_color_gradient_start=&#8220;rgba(0,0,0,0.75)&#8220; background_color_gradient_end=&#8220;rgba(255,255,255,0)&#8220; background_color_gradient_overlays_image=&#8220;on&#8220; background_image=&#8220;https:\/\/www.hotelalcaminetto.org\/wp-content\/uploads\/2019\/11\/slide_contatti.jpg&#8220; height=&#8220;696px&#8220; height_tablet=&#8220;419px&#8220; height_phone=&#8220;346px&#8220; height_last_edited=&#8220;on|tablet&#8220;][\/et_pb_fullwidth_image][\/et_pb_section][et_pb_section fb_built=&#8220;1&#8243; _builder_version=&#8220;3.27.4&#8243; background_color_gradient_direction=&#8220;107deg&#8220; background_image=&#8220;https:\/\/www.hotelalcaminetto.org\/wp-content\/uploads\/2019\/09\/sfondoscuro2.png&#8220; background_size=&#8220;initial&#8220; background_position=&#8220;bottom_left&#8220; background_repeat=&#8220;repeat&#8220; custom_margin=&#8220;0px||||false|false&#8220; custom_padding=&#8220;0px||||false|false&#8220; locked=&#8220;off&#8220;][et_pb_row use_custom_gutter=&#8220;on&#8220; gutter_width=&#8220;1&#8243; make_equal=&#8220;on&#8220; _builder_version=&#8220;3.27.4&#8243; background_image=&#8220;https:\/\/www.hotelalcaminetto.org\/wp-content\/uploads\/2019\/09\/cornice6.png&#8220; background_size=&#8220;initial&#8220; background_repeat=&#8220;repeat-x&#8220; width=&#8220;100%&#8220; max_width=&#8220;100%&#8220; height=&#8220;50px&#8220; custom_margin=&#8220;0px||0px||false|false&#8220; custom_padding=&#8220;0px||0px||false|false&#8220;][et_pb_column type=&#8220;4_4&#8243; _builder_version=&#8220;3.27.4&#8243;][\/et_pb_column][\/et_pb_row][et_pb_row column_structure=&#8220;1_3,1_3,1_3&#8243; _builder_version=&#8220;3.27.4&#8243; custom_margin=&#8220;40px||0px||false|false&#8220; custom_padding=&#8220;||0px||false|false&#8220;][et_pb_column type=&#8220;1_3&#8243; _builder_version=&#8220;3.27.2&#8243;][et_pb_text _builder_version=&#8220;4.0.5&#8243; text_text_color=&#8220;#bb8b38&#8243; header_text_color=&#8220;#ebdabe&#8220; header_font_size=&#8220;38px&#8220;]<\/p>\n<h1>Kontakte<\/h1>\n<p>[\/et_pb_text][\/et_pb_column][et_pb_column type=&#8220;1_3&#8243; _builder_version=&#8220;3.27.2&#8243;][\/et_pb_column][et_pb_column type=&#8220;1_3&#8243; _builder_version=&#8220;3.27.2&#8243;][\/et_pb_column][\/et_pb_row][et_pb_row column_structure=&#8220;1_3,1_3,1_3&#8243; _builder_version=&#8220;3.27.4&#8243; custom_margin=&#8220;0px||0px||false|false&#8220; custom_padding=&#8220;||0px||false|false&#8220;][et_pb_column type=&#8220;1_3&#8243; _builder_version=&#8220;3.27.2&#8243;][et_pb_blurb title=&#8220;Adresse&#8220; use_icon=&#8220;on&#8220; font_icon=&#8220;%%122%%&#8220; icon_color=&#8220;#ebdabe&#8220; icon_placement=&#8220;left&#8220; _builder_version=&#8220;4.0.5&#8243; header_font=&#8220;Cinzel Decorative|700|||||||&#8220; header_text_color=&#8220;#ebdabe&#8220; header_font_size=&#8220;18px&#8220; header_line_height=&#8220;1.1em&#8220; body_text_color=&#8220;#ffffff&#8220; body_font_size=&#8220;15px&#8220; body_line_height=&#8220;1.2em&#8220; background_layout=&#8220;dark&#8220; custom_margin=&#8220;||20px||false|false&#8220; custom_padding=&#8220;||0px||false|false&#8220; animation_style=&#8220;slide&#8220; animation_direction=&#8220;right&#8220; animation=&#8220;right&#8220; locked=&#8220;off&#8220;]<\/p>\n<p>Via Roma 30 &#8211; 11028 Valtournenche<br \/> Breuil Cervinia (AO) &#8211; Italien<\/p>\n<p>[\/et_pb_blurb][\/et_pb_column][et_pb_column type=&#8220;1_3&#8243; _builder_version=&#8220;3.27.2&#8243;][et_pb_blurb title=&#8220;Telefon&#8220; use_icon=&#8220;on&#8220; font_icon=&#8220;%%264%%&#8220; icon_color=&#8220;#ebdabe&#8220; icon_placement=&#8220;left&#8220; _builder_version=&#8220;4.0.5&#8243; header_font=&#8220;Cinzel Decorative|700|||||||&#8220; header_text_color=&#8220;#ebdabe&#8220; header_font_size=&#8220;18px&#8220; header_line_height=&#8220;1.1em&#8220; body_text_color=&#8220;#ffffff&#8220; body_font_size=&#8220;15px&#8220; body_line_height=&#8220;1.2em&#8220; background_layout=&#8220;dark&#8220; custom_margin=&#8220;||20px||false|false&#8220; custom_padding=&#8220;||0px||false|false&#8220; animation_style=&#8220;slide&#8220; animation=&#8220;right&#8220; locked=&#8220;off&#8220;]<\/p>\n<p>0039 0166\/92150<\/p>\n<p>[\/et_pb_blurb][et_pb_blurb title=&#8220;Telefon \/ Whatsapp&#8220; use_icon=&#8220;on&#8220; font_icon=&#8220;%%104%%&#8220; icon_color=&#8220;#ebdabe&#8220; icon_placement=&#8220;left&#8220; _builder_version=&#8220;4.0.5&#8243; header_font=&#8220;Cinzel Decorative|700|||||||&#8220; header_text_color=&#8220;#ebdabe&#8220; header_font_size=&#8220;18px&#8220; header_line_height=&#8220;1.1em&#8220; body_text_color=&#8220;#ffffff&#8220; body_font_size=&#8220;15px&#8220; body_line_height=&#8220;1.2em&#8220; background_layout=&#8220;dark&#8220; custom_margin=&#8220;||20px||false|false&#8220; custom_padding=&#8220;||0px||false|false&#8220; animation_style=&#8220;slide&#8220; animation=&#8220;right&#8220; locked=&#8220;off&#8220;]<\/p>\n<p>0039 347\/2527345<\/p>\n<p>[\/et_pb_blurb][\/et_pb_column][et_pb_column type=&#8220;1_3&#8243; _builder_version=&#8220;3.27.2&#8243;][et_pb_blurb title=&#8220;Email&#8220; use_icon=&#8220;on&#8220; font_icon=&#8220;%%109%%&#8220; icon_color=&#8220;#ebdabe&#8220; icon_placement=&#8220;left&#8220; _builder_version=&#8220;4.0.5&#8243; header_font=&#8220;Cinzel Decorative|700|||||||&#8220; header_text_color=&#8220;#ebdabe&#8220; header_font_size=&#8220;18px&#8220; header_line_height=&#8220;1.1em&#8220; body_text_color=&#8220;#ffffff&#8220; body_font_size=&#8220;15px&#8220; body_line_height=&#8220;1.2em&#8220; background_layout=&#8220;dark&#8220; custom_margin=&#8220;||20px||false|false&#8220; custom_padding=&#8220;||0px||false|false&#8220; animation_style=&#8220;slide&#8220; animation_direction=&#8220;left&#8220; animation=&#8220;right&#8220; locked=&#8220;off&#8220;]<\/p>\n<p>hotelalcaminetto@libero.it<\/p>\n<p>[\/et_pb_blurb][\/et_pb_column][\/et_pb_row][\/et_pb_section][et_pb_section fb_built=&#8220;1&#8243; fullwidth=&#8220;on&#8220; _builder_version=&#8220;3.27.4&#8243;][et_pb_fullwidth_code _builder_version=&#8220;3.27.4&#8243;]<iframe loading=\"lazy\" src=\"https:\/\/www.google.com\/maps\/embed?pb=!1m18!1m12!1m3!1d1388.8767345087308!2d7.623052491243059!3d45.87624170342197!2m3!1f0!2f0!3f0!3m2!1i1024!2i768!4f13.1!3m3!1m2!1s0x4788cea1cb1253f7%3A0x841a8a7e9c34a098!2sHotel%20Al%20Caminetto!5e0!3m2!1sit!2sit!4v1569832638472!5m2!1sit!2sit\" width=\"100%\" height=\"450\" frameborder=\"0\" style=\"border:0;\" allowfullscreen=\"\"><\/iframe>[\/et_pb_fullwidth_code][\/et_pb_section][et_pb_section fb_built=&#8220;1&#8243; _builder_version=&#8220;3.27.4&#8243; background_image=&#8220;https:\/\/www.hotelalcaminetto.org\/wp-content\/uploads\/2019\/09\/sfondochiaro.png&#8220; background_size=&#8220;initial&#8220; background_repeat=&#8220;repeat&#8220;][et_pb_row column_structure=&#8220;1_2,1_2&#8243; _builder_version=&#8220;3.27.4&#8243; custom_margin=&#8220;40px||0px||false|false&#8220; custom_padding=&#8220;||0px||false|false&#8220;][et_pb_column type=&#8220;1_2&#8243; _builder_version=&#8220;3.27.2&#8243;][et_pb_text _builder_version=&#8220;4.0.5&#8243; text_text_color=&#8220;#bb8b38&#8243; header_text_color=&#8220;#664b37&#8243; header_font_size=&#8220;38px&#8220;]<\/p>\n<h1>Lage<\/h1>\n<p>[\/et_pb_text][et_pb_divider color=&#8220;#664b37&#8243; divider_weight=&#8220;2px&#8220; disabled_on=&#8220;on|off|off&#8220; _builder_version=&#8220;3.27.4&#8243; width=&#8220;6%&#8220; custom_margin=&#8220;||||false|false&#8220; custom_padding=&#8220;0vh||||false|false&#8220;][\/et_pb_divider][et_pb_text _builder_version=&#8220;4.0.5&#8243; text_font_size=&#8220;17px&#8220; text_line_height=&#8220;1.5em&#8220; transform_scale_tablet=&#8220;&#8220; transform_scale_phone=&#8220;&#8220; transform_scale_last_edited=&#8220;on|desktop&#8220; transform_translate=&#8220;-15px|-6vh&#8220; transform_translate_tablet=&#8220;&#8220; transform_translate_phone=&#8220;&#8220; transform_translate_last_edited=&#8220;on|phone&#8220; transform_translate_linked=&#8220;off&#8220; transform_rotate_tablet=&#8220;&#8220; transform_rotate_phone=&#8220;&#8220; transform_rotate_last_edited=&#8220;on|desktop&#8220; transform_skew_tablet=&#8220;&#8220; transform_skew_phone=&#8220;&#8220; transform_skew_last_edited=&#8220;on|desktop&#8220; transform_origin_tablet=&#8220;&#8220; transform_origin_phone=&#8220;&#8220; transform_origin_last_edited=&#8220;on|desktop&#8220; transform_styles_last_edited=&#8220;on|phone&#8220; custom_margin=&#8220;|||60px|false|false&#8220; custom_margin_tablet=&#8220;&#8220; custom_margin_phone=&#8220;|||20px|false|false&#8220; custom_margin_last_edited=&#8220;on|phone&#8220; z_index_tablet=&#8220;500&#8243; transform_styles_tablet=&#8220;&#8220; transform_styles_phone=&#8220;&#8220; text_text_shadow_horizontal_length_tablet=&#8220;0px&#8220; text_text_shadow_vertical_length_tablet=&#8220;0px&#8220; text_text_shadow_blur_strength_tablet=&#8220;1px&#8220; link_text_shadow_horizontal_length_tablet=&#8220;0px&#8220; link_text_shadow_vertical_length_tablet=&#8220;0px&#8220; link_text_shadow_blur_strength_tablet=&#8220;1px&#8220; ul_text_shadow_horizontal_length_tablet=&#8220;0px&#8220; ul_text_shadow_vertical_length_tablet=&#8220;0px&#8220; ul_text_shadow_blur_strength_tablet=&#8220;1px&#8220; ol_text_shadow_horizontal_length_tablet=&#8220;0px&#8220; ol_text_shadow_vertical_length_tablet=&#8220;0px&#8220; ol_text_shadow_blur_strength_tablet=&#8220;1px&#8220; quote_text_shadow_horizontal_length_tablet=&#8220;0px&#8220; quote_text_shadow_vertical_length_tablet=&#8220;0px&#8220; quote_text_shadow_blur_strength_tablet=&#8220;1px&#8220; header_text_shadow_horizontal_length_tablet=&#8220;0px&#8220; header_text_shadow_vertical_length_tablet=&#8220;0px&#8220; header_text_shadow_blur_strength_tablet=&#8220;1px&#8220; header_2_text_shadow_horizontal_length_tablet=&#8220;0px&#8220; header_2_text_shadow_vertical_length_tablet=&#8220;0px&#8220; header_2_text_shadow_blur_strength_tablet=&#8220;1px&#8220; header_3_text_shadow_horizontal_length_tablet=&#8220;0px&#8220; header_3_text_shadow_vertical_length_tablet=&#8220;0px&#8220; header_3_text_shadow_blur_strength_tablet=&#8220;1px&#8220; header_4_text_shadow_horizontal_length_tablet=&#8220;0px&#8220; header_4_text_shadow_vertical_length_tablet=&#8220;0px&#8220; header_4_text_shadow_blur_strength_tablet=&#8220;1px&#8220; header_5_text_shadow_horizontal_length_tablet=&#8220;0px&#8220; header_5_text_shadow_vertical_length_tablet=&#8220;0px&#8220; header_5_text_shadow_blur_strength_tablet=&#8220;1px&#8220; header_6_text_shadow_horizontal_length_tablet=&#8220;0px&#8220; header_6_text_shadow_vertical_length_tablet=&#8220;0px&#8220; header_6_text_shadow_blur_strength_tablet=&#8220;1px&#8220; box_shadow_horizontal_tablet=&#8220;0px&#8220; box_shadow_vertical_tablet=&#8220;0px&#8220; box_shadow_blur_tablet=&#8220;40px&#8220; box_shadow_spread_tablet=&#8220;0px&#8220;]<\/p>\n<p><strong>Wo liegt das Caminetto?<\/strong><br \/>Wir befinden uns in <strong>Valtournenche<\/strong>, im Zentrum der Ortschaft, mitten im Herz des Cervino-Tals, im Herzen der Alpen, in einem der sch\u00f6nsten und weitfl\u00e4chigsten Skigebiete und nur 9 km von einem der sch\u00f6nsten Berge der Welt entfernt: der Cervino.<br \/> Unsere Ortschaft hei\u00dft Valtournenche, mit Felsmalereien aus dem Neolithikum, hier fand gegen Ende des 19. Jhdt. eine der gr\u00f6\u00dften alpinistischen Eroberungen statt, die Gipfelbesteigung des Cervino. <\/p>\n<p>In <strong>Valtournenche<\/strong> wurde der Alpinismus geboren, hier entstand der Fremdenverkehr in den Bergen und hier hat jeder Berg rund herum seine eigene Geschichte zu erz\u00e4hlen. <br \/>Eine Geschichte, die von M\u00fchen erz\u00e4hlt, von harter Feldarbeit f\u00fcr einige Kartoffel und Karotten, aber auch eine Geschichte des Friedens und Wohlbefindens, der Ruhe und weit weg vom stressigen Alltag. Die Landschaft mit den scheinbar unbezwingbaren Gipfeln ist unglaublich sch\u00f6n, hier leben Adler, G\u00e4msen, Steinb\u00f6cke und Murmeltiere, die Natur ist unber\u00fchrt und der Blick verliert sich am Horizont, wo Sch\u00f6nheit die Welt beherrscht. <\/p>\n<p>[\/et_pb_text][\/et_pb_column][et_pb_column type=&#8220;1_2&#8243; _builder_version=&#8220;3.27.2&#8243;][et_pb_blurb title=&#8220;Wir erreichen Sie uns mit dem Auto? &#8220; use_icon=&#8220;on&#8220; font_icon=&#8220;%%3%%&#8220; icon_color=&#8220;#bb8b38&#8243; icon_placement=&#8220;left&#8220; _builder_version=&#8220;4.0.5&#8243; header_font=&#8220;||||||||&#8220; header_text_color=&#8220;#664b37&#8243; header_font_size=&#8220;24px&#8220; header_line_height=&#8220;1.3em&#8220;]<\/p>\n<p>Auf der Autobahn bis Chatillon, dann weiter Richtung Cervinia. Nach 20 km, etwa 20 Minuten Steigung durch eine unglaublich sch\u00f6ne Natur mit dem herrlichen Blick auf den sch\u00f6nsten Berg der Welt (der Cervino): Sie sind bei uns angekommen.<\/p>\n<p>[\/et_pb_blurb][et_pb_blurb title=&#8220;Wie erreichen Sie uns mit dem Flugzeug? &#8220; use_icon=&#8220;on&#8220; font_icon=&#8220;%%3%%&#8220; icon_color=&#8220;#bb8b38&#8243; icon_placement=&#8220;left&#8220; _builder_version=&#8220;4.0.5&#8243; header_font=&#8220;||||||||&#8220; header_text_color=&#8220;#664b37&#8243; header_font_size=&#8220;24px&#8220; header_line_height=&#8220;1.3em&#8220;]<\/p>\n<p>Der Flughafen Caselle (Turin) liegt eineinhalb Autostunden von uns entfernt, Malpensa (Mailand) 2 Autostunden und Orio al Serio (Bergamo) zweieinhalb Autostunden. Wer mit dem Flugzeug ankommt, sollte ein Auto mieten, weil das die einfachste Art ist, uns zu erreichen.\u00a0Es gibt aber auch\u00a0<\/p>\n<p><strong>Busse, Shuttlebusse<\/strong><br \/> <a href=\"http:\/\/www.savda.it\" target=\"_blank\" rel=\"noopener noreferrer\">www.savda.it<\/a><br \/> <a href=\"http:\/\/www.sadem.it\" target=\"_blank\" rel=\"noopener noreferrer\">www.sadem.it<br \/> <\/a><a href=\"https:\/\/www.airportransferservices.com\/\"><\/a><a href=\"https:\/\/www.airportransferservices.com\/\" target=\"_blank\" rel=\"noopener noreferrer\">www.airportransferservices.com<br \/> <\/a><a href=\"https:\/\/www.how2transfer.com\/it\/servizi\/?redir=1\" target=\"_blank\" rel=\"noopener noreferrer\">www.how2transfer.com<\/a><\/p>\n<p><strong>Taxis<br \/> <\/strong>Daniele +39 3391390429<br \/> Paolo +39 3355653189<br \/> Pino +39 3483123036<\/p>\n<p>[\/et_pb_blurb][et_pb_blurb title=&#8220;Wie erreichen Sie uns mit Zug? &#8220; use_icon=&#8220;on&#8220; font_icon=&#8220;%%3%%&#8220; icon_color=&#8220;#bb8b38&#8243; icon_placement=&#8220;left&#8220; _builder_version=&#8220;4.0.5&#8243; header_font=&#8220;||||||||&#8220; header_text_color=&#8220;#664b37&#8243; header_font_size=&#8220;24px&#8220; header_line_height=&#8220;1.3em&#8220;]<\/p>\n<p>Vom Bahnhof Chatillon erreicht man Valtournenche mit dem Bus.<\/p>\n<p><strong>Zugfahrpl\u00e4ne<\/strong><br \/> <a href=\"https:\/\/www.trenitalia.com\/\" target=\"_blank\" rel=\"noopener noreferrer\">www.trenitalia.com<br \/> <\/a><br \/><strong>Busfahrpl\u00e4ne<\/strong><br \/> <a href=\"http:\/\/www.savda.it\/\" target=\"_blank\" rel=\"noopener noreferrer\">www.savda.it<\/a><\/p>\n<p>[\/et_pb_blurb][\/et_pb_column][\/et_pb_row][\/et_pb_section]<\/p>\n","protected":false},"excerpt":{"rendered":"<p>KontakteVia Roma 30 &#8211; 11028 Valtournenche Breuil Cervinia (AO) &#8211; Italien0039 0166\/921500039 347\/2527345hotelalcaminetto@libero.itLageWo liegt das Caminetto?Wir befinden uns in Valtournenche, im Zentrum der Ortschaft, mitten im Herz des Cervino-Tals, im Herzen der Alpen, in einem der sch\u00f6nsten und weitfl\u00e4chigsten Skigebiete und nur 9 km von einem der sch\u00f6nsten Berge der Welt entfernt: der Cervino. Unsere [&hellip;]<\/p>\n","protected":false},"author":1,"featured_media":0,"parent":0,"menu_order":0,"comment_status":"closed","ping_status":"closed","template":"","meta":{"_et_pb_use_builder":"on","_et_pb_old_content":"","_et_gb_content_width":"","footnotes":""},"yoast_head":"<!-- This site is optimized with the Yoast SEO plugin v22.6 - https:\/\/yoast.com\/wordpress\/plugins\/seo\/ -->\n<title>Hotel Restaurant Al Caminetto Valtournenche - Cervinia - Aostatal<\/title>\n<meta name=\"description\" content=\"Wir befinden uns in Valtournenche, im Zentrum der Ortschaft, mitten im Herz des Cervino-Tals, im Herzen der Alpen, in einem der sch\u00f6nsten und weitfl\u00e4chigsten Skigebiete und nur 9 km von einem der sch\u00f6nsten Berge der Welt entfernt: der Cervino.\" \/>\n<meta name=\"robots\" content=\"index, follow, max-snippet:-1, max-image-preview:large, max-video-preview:-1\" \/>\n<link rel=\"canonical\" href=\"https:\/\/www.hotelalcaminetto.org\/de\/kontakte\/\" \/>\n<meta property=\"og:locale\" content=\"de_DE\" \/>\n<meta property=\"og:type\" content=\"article\" \/>\n<meta property=\"og:title\" content=\"Hotel Restaurant Al Caminetto Valtournenche - Cervinia - Aostatal\" \/>\n<meta property=\"og:description\" content=\"Wir befinden uns in Valtournenche, im Zentrum der Ortschaft, mitten im Herz des Cervino-Tals, im Herzen der Alpen, in einem der sch\u00f6nsten und weitfl\u00e4chigsten Skigebiete und nur 9 km von einem der sch\u00f6nsten Berge der Welt entfernt: der Cervino.\" \/>\n<meta property=\"og:url\" content=\"https:\/\/www.hotelalcaminetto.org\/de\/kontakte\/\" \/>\n<meta property=\"og:site_name\" content=\"Hotel Ristorante Al Caminetto - Valtournenche Cervinia\" \/>\n<meta property=\"article:modified_time\" content=\"2019-11-26T11:10:47+00:00\" \/>\n<meta name=\"twitter:card\" content=\"summary_large_image\" \/>\n<meta name=\"twitter:label1\" content=\"Gesch\u00e4tzte Lesezeit\" \/>\n\t<meta name=\"twitter:data1\" content=\"8\u00a0Minuten\" \/>\n<script type=\"application\/ld+json\" class=\"yoast-schema-graph\">{\"@context\":\"https:\/\/schema.org\",\"@graph\":[{\"@type\":\"WebPage\",\"@id\":\"https:\/\/www.hotelalcaminetto.org\/de\/kontakte\/\",\"url\":\"https:\/\/www.hotelalcaminetto.org\/de\/kontakte\/\",\"name\":\"Hotel Restaurant Al Caminetto Valtournenche - Cervinia - Aostatal\",\"isPartOf\":{\"@id\":\"https:\/\/www.hotelalcaminetto.org\/de\/#website\"},\"datePublished\":\"2019-09-30T08:19:34+00:00\",\"dateModified\":\"2019-11-26T11:10:47+00:00\",\"description\":\"Wir befinden uns in Valtournenche, im Zentrum der Ortschaft, mitten im Herz des Cervino-Tals, im Herzen der Alpen, in einem der sch\u00f6nsten und weitfl\u00e4chigsten Skigebiete und nur 9 km von einem der sch\u00f6nsten Berge der Welt entfernt: der Cervino.\",\"breadcrumb\":{\"@id\":\"https:\/\/www.hotelalcaminetto.org\/de\/kontakte\/#breadcrumb\"},\"inLanguage\":\"de\",\"potentialAction\":[{\"@type\":\"ReadAction\",\"target\":[\"https:\/\/www.hotelalcaminetto.org\/de\/kontakte\/\"]}]},{\"@type\":\"BreadcrumbList\",\"@id\":\"https:\/\/www.hotelalcaminetto.org\/de\/kontakte\/#breadcrumb\",\"itemListElement\":[{\"@type\":\"ListItem\",\"position\":1,\"name\":\"Home\",\"item\":\"https:\/\/www.hotelalcaminetto.org\/de\/\"},{\"@type\":\"ListItem\",\"position\":2,\"name\":\"Kontakte\"}]},{\"@type\":\"WebSite\",\"@id\":\"https:\/\/www.hotelalcaminetto.org\/de\/#website\",\"url\":\"https:\/\/www.hotelalcaminetto.org\/de\/\",\"name\":\"Hotel Ristorante Al Caminetto - Valtournenche Cervinia\",\"description\":\"Hotel Ristorante\",\"potentialAction\":[{\"@type\":\"SearchAction\",\"target\":{\"@type\":\"EntryPoint\",\"urlTemplate\":\"https:\/\/www.hotelalcaminetto.org\/de\/?s={search_term_string}\"},\"query-input\":\"required name=search_term_string\"}],\"inLanguage\":\"de\"}]}<\/script>\n<!-- \/ Yoast SEO plugin. -->","yoast_head_json":{"title":"Hotel Restaurant Al Caminetto Valtournenche - Cervinia - Aostatal","description":"Wir befinden uns in Valtournenche, im Zentrum der Ortschaft, mitten im Herz des Cervino-Tals, im Herzen der Alpen, in einem der sch\u00f6nsten und weitfl\u00e4chigsten Skigebiete und nur 9 km von einem der sch\u00f6nsten Berge der Welt entfernt: der Cervino.","robots":{"index":"index","follow":"follow","max-snippet":"max-snippet:-1","max-image-preview":"max-image-preview:large","max-video-preview":"max-video-preview:-1"},"canonical":"https:\/\/www.hotelalcaminetto.org\/de\/kontakte\/","og_locale":"de_DE","og_type":"article","og_title":"Hotel Restaurant Al Caminetto Valtournenche - Cervinia - Aostatal","og_description":"Wir befinden uns in Valtournenche, im Zentrum der Ortschaft, mitten im Herz des Cervino-Tals, im Herzen der Alpen, in einem der sch\u00f6nsten und weitfl\u00e4chigsten Skigebiete und nur 9 km von einem der sch\u00f6nsten Berge der Welt entfernt: der Cervino.","og_url":"https:\/\/www.hotelalcaminetto.org\/de\/kontakte\/","og_site_name":"Hotel Ristorante Al Caminetto - Valtournenche Cervinia","article_modified_time":"2019-11-26T11:10:47+00:00","twitter_card":"summary_large_image","twitter_misc":{"Gesch\u00e4tzte Lesezeit":"8\u00a0Minuten"},"schema":{"@context":"https:\/\/schema.org","@graph":[{"@type":"WebPage","@id":"https:\/\/www.hotelalcaminetto.org\/de\/kontakte\/","url":"https:\/\/www.hotelalcaminetto.org\/de\/kontakte\/","name":"Hotel Restaurant Al Caminetto Valtournenche - Cervinia - Aostatal","isPartOf":{"@id":"https:\/\/www.hotelalcaminetto.org\/de\/#website"},"datePublished":"2019-09-30T08:19:34+00:00","dateModified":"2019-11-26T11:10:47+00:00","description":"Wir befinden uns in Valtournenche, im Zentrum der Ortschaft, mitten im Herz des Cervino-Tals, im Herzen der Alpen, in einem der sch\u00f6nsten und weitfl\u00e4chigsten Skigebiete und nur 9 km von einem der sch\u00f6nsten Berge der Welt entfernt: der Cervino.","breadcrumb":{"@id":"https:\/\/www.hotelalcaminetto.org\/de\/kontakte\/#breadcrumb"},"inLanguage":"de","potentialAction":[{"@type":"ReadAction","target":["https:\/\/www.hotelalcaminetto.org\/de\/kontakte\/"]}]},{"@type":"BreadcrumbList","@id":"https:\/\/www.hotelalcaminetto.org\/de\/kontakte\/#breadcrumb","itemListElement":[{"@type":"ListItem","position":1,"name":"Home","item":"https:\/\/www.hotelalcaminetto.org\/de\/"},{"@type":"ListItem","position":2,"name":"Kontakte"}]},{"@type":"WebSite","@id":"https:\/\/www.hotelalcaminetto.org\/de\/#website","url":"https:\/\/www.hotelalcaminetto.org\/de\/","name":"Hotel Ristorante Al Caminetto - Valtournenche Cervinia","description":"Hotel Ristorante","potentialAction":[{"@type":"SearchAction","target":{"@type":"EntryPoint","urlTemplate":"https:\/\/www.hotelalcaminetto.org\/de\/?s={search_term_string}"},"query-input":"required name=search_term_string"}],"inLanguage":"de"}]}},"_links":{"self":[{"href":"https:\/\/www.hotelalcaminetto.org\/de\/wp-json\/wp\/v2\/pages\/1138"}],"collection":[{"href":"https:\/\/www.hotelalcaminetto.org\/de\/wp-json\/wp\/v2\/pages"}],"about":[{"href":"https:\/\/www.hotelalcaminetto.org\/de\/wp-json\/wp\/v2\/types\/page"}],"author":[{"embeddable":true,"href":"https:\/\/www.hotelalcaminetto.org\/de\/wp-json\/wp\/v2\/users\/1"}],"replies":[{"embeddable":true,"href":"https:\/\/www.hotelalcaminetto.org\/de\/wp-json\/wp\/v2\/comments?post=1138"}],"version-history":[{"count":4,"href":"https:\/\/www.hotelalcaminetto.org\/de\/wp-json\/wp\/v2\/pages\/1138\/revisions"}],"predecessor-version":[{"id":1217,"href":"https:\/\/www.hotelalcaminetto.org\/de\/wp-json\/wp\/v2\/pages\/1138\/revisions\/1217"}],"wp:attachment":[{"href":"https:\/\/www.hotelalcaminetto.org\/de\/wp-json\/wp\/v2\/media?parent=1138"}],"curies":[{"name":"wp","href":"https:\/\/api.w.org\/{rel}","templated":true}]}}