{"id":1146,"date":"2019-09-27T10:05:28","date_gmt":"2019-09-27T10:05:28","guid":{"rendered":"https:\/\/hotelalcaminetto.devel10.com\/tariffe\/"},"modified":"2024-06-07T09:01:05","modified_gmt":"2024-06-07T07:01:05","slug":"preise","status":"publish","type":"page","link":"https:\/\/www.hotelalcaminetto.org\/de\/preise\/","title":{"rendered":"Preise"},"content":{"rendered":"<p>[et_pb_section fb_built=&#8220;1&#8243; fullwidth=&#8220;on&#8220; _builder_version=&#8220;4.16&#8243; global_colors_info=&#8220;{}&#8220;][et_pb_fullwidth_image _builder_version=&#8220;4.16&#8243; background_enable_color=&#8220;off&#8220; use_background_color_gradient=&#8220;on&#8220; background_color_gradient_stops=&#8220;rgba(0,0,0,0.9) 0%|rgba(255,255,255,0) 100%&#8220; background_color_gradient_overlays_image=&#8220;on&#8220; background_color_gradient_start=&#8220;rgba(0,0,0,0.9)&#8220; background_color_gradient_end=&#8220;rgba(255,255,255,0)&#8220; background_image=&#8220;https:\/\/www.hotelalcaminetto.org\/wp-content\/uploads\/2019\/11\/slide_attivita4.jpg&#8220; height=&#8220;696px&#8220; height_tablet=&#8220;419px&#8220; height_phone=&#8220;346px&#8220; height_last_edited=&#8220;on|tablet&#8220; global_colors_info=&#8220;{}&#8220;][\/et_pb_fullwidth_image][\/et_pb_section][et_pb_section fb_built=&#8220;1&#8243; _builder_version=&#8220;4.16&#8243; background_color_gradient_direction=&#8220;107deg&#8220; background_image=&#8220;https:\/\/www.hotelalcaminetto.org\/wp-content\/uploads\/2019\/09\/sfondoscuro2.png&#8220; background_size=&#8220;initial&#8220; background_position=&#8220;bottom_left&#8220; background_repeat=&#8220;repeat&#8220; custom_margin=&#8220;0px||||false|false&#8220; custom_padding=&#8220;0px||||false|false&#8220; locked=&#8220;off&#8220; global_colors_info=&#8220;{}&#8220;][et_pb_row use_custom_gutter=&#8220;on&#8220; gutter_width=&#8220;1&#8243; make_equal=&#8220;on&#8220; _builder_version=&#8220;4.16&#8243; background_image=&#8220;https:\/\/www.hotelalcaminetto.org\/wp-content\/uploads\/2019\/09\/cornice6.png&#8220; background_size=&#8220;initial&#8220; background_repeat=&#8220;repeat-x&#8220; width=&#8220;100%&#8220; max_width=&#8220;100%&#8220; height=&#8220;50px&#8220; custom_margin=&#8220;0px||0px||false|false&#8220; custom_padding=&#8220;0px||0px||false|false&#8220; global_colors_info=&#8220;{}&#8220;][et_pb_column type=&#8220;4_4&#8243; _builder_version=&#8220;4.16&#8243; global_colors_info=&#8220;{}&#8220;][\/et_pb_column][\/et_pb_row][\/et_pb_section][et_pb_section fb_built=&#8220;1&#8243; specialty=&#8220;on&#8220; _builder_version=&#8220;4.16&#8243; background_image=&#8220;https:\/\/www.hotelalcaminetto.org\/wp-content\/uploads\/2019\/09\/sfondoscuro2.png&#8220; background_size=&#8220;initial&#8220; background_repeat=&#8220;repeat&#8220; custom_margin=&#8220;||||false|false&#8220; custom_padding=&#8220;0px||||false|false&#8220; global_colors_info=&#8220;{}&#8220;][et_pb_column type=&#8220;1_2&#8243; specialty_columns=&#8220;2&#8243; _builder_version=&#8220;4.16&#8243; custom_padding=&#8220;|||&#8220; global_colors_info=&#8220;{}&#8220; custom_padding__hover=&#8220;|||&#8220;][et_pb_row_inner _builder_version=&#8220;4.16&#8243; custom_margin=&#8220;||0px||false|false&#8220; custom_padding=&#8220;||0px||false|false&#8220; global_colors_info=&#8220;{}&#8220;][et_pb_column_inner saved_specialty_column_type=&#8220;1_2&#8243; _builder_version=&#8220;4.16&#8243; global_colors_info=&#8220;{}&#8220;][et_pb_text _builder_version=&#8220;4.16&#8243; text_text_color=&#8220;#bb8b38&#8243; header_text_color=&#8220;#ebdabe&#8220; header_font_size=&#8220;38px&#8220; global_colors_info=&#8220;{}&#8220;]<\/p>\n<h1>Preise<\/h1>\n<p>[\/et_pb_text][et_pb_divider color=&#8220;#ebdabe&#8220; divider_weight=&#8220;2px&#8220; disabled_on=&#8220;on|off|off&#8220; _builder_version=&#8220;4.16&#8243; width=&#8220;6%&#8220; custom_margin=&#8220;||||false|false&#8220; custom_padding=&#8220;0vh||||false|false&#8220; locked=&#8220;off&#8220; global_colors_info=&#8220;{}&#8220;][\/et_pb_divider][et_pb_text _builder_version=&#8220;4.25.0&#8243; text_text_color=&#8220;#ffffff&#8220; text_font_size=&#8220;17px&#8220; text_line_height=&#8220;1.5em&#8220; transform_scale_tablet=&#8220;&#8220; transform_scale_phone=&#8220;&#8220; transform_scale_last_edited=&#8220;on|desktop&#8220; transform_translate=&#8220;-15px|-6vh&#8220; transform_translate_tablet=&#8220;&#8220; transform_translate_phone=&#8220;&#8220; transform_translate_last_edited=&#8220;on|phone&#8220; transform_translate_linked=&#8220;off&#8220; transform_rotate_tablet=&#8220;&#8220; transform_rotate_phone=&#8220;&#8220; transform_rotate_last_edited=&#8220;on|desktop&#8220; transform_skew_tablet=&#8220;&#8220; transform_skew_phone=&#8220;&#8220; transform_skew_last_edited=&#8220;on|desktop&#8220; transform_origin_tablet=&#8220;&#8220; transform_origin_phone=&#8220;&#8220; transform_origin_last_edited=&#8220;on|desktop&#8220; transform_styles_last_edited=&#8220;on|phone&#8220; custom_margin=&#8220;||0px|60px|false|false&#8220; custom_margin_tablet=&#8220;&#8220; custom_margin_phone=&#8220;|||20px|false|false&#8220; custom_margin_last_edited=&#8220;on|phone&#8220; custom_padding=&#8220;||0px||false|false&#8220; hover_enabled=&#8220;0&#8243; transform_styles_tablet=&#8220;&#8220; transform_styles_phone=&#8220;&#8220; z_index_tablet=&#8220;500&#8243; text_text_shadow_horizontal_length_tablet=&#8220;0px&#8220; text_text_shadow_vertical_length_tablet=&#8220;0px&#8220; text_text_shadow_blur_strength_tablet=&#8220;1px&#8220; link_text_shadow_horizontal_length_tablet=&#8220;0px&#8220; link_text_shadow_vertical_length_tablet=&#8220;0px&#8220; link_text_shadow_blur_strength_tablet=&#8220;1px&#8220; ul_text_shadow_horizontal_length_tablet=&#8220;0px&#8220; ul_text_shadow_vertical_length_tablet=&#8220;0px&#8220; ul_text_shadow_blur_strength_tablet=&#8220;1px&#8220; ol_text_shadow_horizontal_length_tablet=&#8220;0px&#8220; ol_text_shadow_vertical_length_tablet=&#8220;0px&#8220; ol_text_shadow_blur_strength_tablet=&#8220;1px&#8220; quote_text_shadow_horizontal_length_tablet=&#8220;0px&#8220; quote_text_shadow_vertical_length_tablet=&#8220;0px&#8220; quote_text_shadow_blur_strength_tablet=&#8220;1px&#8220; header_text_shadow_horizontal_length_tablet=&#8220;0px&#8220; header_text_shadow_vertical_length_tablet=&#8220;0px&#8220; header_text_shadow_blur_strength_tablet=&#8220;1px&#8220; header_2_text_shadow_horizontal_length_tablet=&#8220;0px&#8220; header_2_text_shadow_vertical_length_tablet=&#8220;0px&#8220; header_2_text_shadow_blur_strength_tablet=&#8220;1px&#8220; header_3_text_shadow_horizontal_length_tablet=&#8220;0px&#8220; header_3_text_shadow_vertical_length_tablet=&#8220;0px&#8220; header_3_text_shadow_blur_strength_tablet=&#8220;1px&#8220; header_4_text_shadow_horizontal_length_tablet=&#8220;0px&#8220; header_4_text_shadow_vertical_length_tablet=&#8220;0px&#8220; header_4_text_shadow_blur_strength_tablet=&#8220;1px&#8220; header_5_text_shadow_horizontal_length_tablet=&#8220;0px&#8220; header_5_text_shadow_vertical_length_tablet=&#8220;0px&#8220; header_5_text_shadow_blur_strength_tablet=&#8220;1px&#8220; header_6_text_shadow_horizontal_length_tablet=&#8220;0px&#8220; header_6_text_shadow_vertical_length_tablet=&#8220;0px&#8220; header_6_text_shadow_blur_strength_tablet=&#8220;1px&#8220; box_shadow_horizontal_tablet=&#8220;0px&#8220; box_shadow_vertical_tablet=&#8220;0px&#8220; box_shadow_blur_tablet=&#8220;40px&#8220; box_shadow_spread_tablet=&#8220;0px&#8220; locked=&#8220;off&#8220; global_colors_info=&#8220;{}&#8220; sticky_enabled=&#8220;0&#8243;]<\/p>\n<p><strong>Was kostet ein Aufenthalt im Caminetto? <br \/><\/strong>Unsre Preise variieren von 45 \u20ac bis 100 \u20ac pro Person mit Halbpension je nach Saison. <strong><br \/>Kontaktieren Sie uns f\u00fcr Ihren Bestpreis!<br \/><\/strong><\/p>\n<p>[\/et_pb_text][\/et_pb_column_inner][\/et_pb_row_inner][et_pb_row_inner column_structure=&#8220;1_2,1_2&#8243; _builder_version=&#8220;4.16&#8243; custom_margin=&#8220;0px||||false|false&#8220; custom_padding=&#8220;0px||||false|false&#8220; global_colors_info=&#8220;{}&#8220;][et_pb_column_inner type=&#8220;1_2&#8243; saved_specialty_column_type=&#8220;1_2&#8243; _builder_version=&#8220;4.16&#8243; global_colors_info=&#8220;{}&#8220;][et_pb_blurb title=&#8220;Familien&#8220; image=&#8220;https:\/\/www.hotelalcaminetto.org\/wp-content\/uploads\/2019\/09\/family.png&#8220; _builder_version=&#8220;4.16&#8243; header_font=&#8220;Cinzel Decorative||||||||&#8220; header_text_align=&#8220;center&#8220; header_text_color=&#8220;#e8dabe&#8220; header_font_size=&#8220;21px&#8220; text_orientation=&#8220;center&#8220; background_layout=&#8220;dark&#8220; animation_style=&#8220;fade&#8220; animation=&#8220;right&#8220; border_width_bottom_image=&#8220;5px&#8220; border_color_bottom_image=&#8220;#664b37&#8243; locked=&#8220;off&#8220; global_colors_info=&#8220;{}&#8220;]<\/p>\n<p>Kindererm\u00e4\u00dfigungen, bis zum Alter von 4 Jahren gratis<\/p>\n<p>[\/et_pb_blurb][\/et_pb_column_inner][et_pb_column_inner type=&#8220;1_2&#8243; saved_specialty_column_type=&#8220;1_2&#8243; _builder_version=&#8220;4.16&#8243; global_colors_info=&#8220;{}&#8220;][et_pb_blurb title=&#8220;Gruppen&#8220; image=&#8220;https:\/\/www.hotelalcaminetto.org\/wp-content\/uploads\/2019\/09\/gruppo.png&#8220; _builder_version=&#8220;4.16&#8243; header_font=&#8220;Cinzel Decorative||||||||&#8220; header_text_align=&#8220;center&#8220; header_text_color=&#8220;#e8dabe&#8220; header_font_size=&#8220;21px&#8220; text_orientation=&#8220;center&#8220; background_layout=&#8220;dark&#8220; animation_style=&#8220;fade&#8220; animation=&#8220;right&#8220; border_width_bottom_image=&#8220;5px&#8220; border_color_bottom_image=&#8220;#664b37&#8243; locked=&#8220;off&#8220; global_colors_info=&#8220;{}&#8220;]<\/p>\n<p>Wir haben auch zahlreiche Gruppen und es freut uns, Ihre Gruppe bei uns aufzunehmen. Je 20 zahlende Personen ein Aufenthalt gratis<\/p>\n<p>[\/et_pb_blurb][\/et_pb_column_inner][\/et_pb_row_inner][\/et_pb_column][et_pb_column type=&#8220;1_2&#8243; _builder_version=&#8220;4.16&#8243; custom_padding=&#8220;|||&#8220; global_colors_info=&#8220;{}&#8220; custom_padding__hover=&#8220;|||&#8220;][et_pb_gallery gallery_ids=&#8220;559,560,561,1234&#8243; fullwidth=&#8220;on&#8220; _builder_version=&#8220;4.16&#8243; title_text_color=&#8220;#ffffff&#8220; pagination_text_color=&#8220;#ffffff&#8220; background_layout=&#8220;dark&#8220; auto=&#8220;on&#8220; auto_speed=&#8220;4000&#8243; z_index_tablet=&#8220;500&#8243; title_text_shadow_horizontal_length_tablet=&#8220;0px&#8220; title_text_shadow_vertical_length_tablet=&#8220;0px&#8220; title_text_shadow_blur_strength_tablet=&#8220;1px&#8220; caption_text_shadow_horizontal_length_tablet=&#8220;0px&#8220; caption_text_shadow_vertical_length_tablet=&#8220;0px&#8220; caption_text_shadow_blur_strength_tablet=&#8220;1px&#8220; pagination_text_shadow_horizontal_length_tablet=&#8220;0px&#8220; pagination_text_shadow_vertical_length_tablet=&#8220;0px&#8220; pagination_text_shadow_blur_strength_tablet=&#8220;1px&#8220; border_width_top=&#8220;10px&#8220; border_color_top=&#8220;#ebdabe&#8220; border_width_top_tablet=&#8220;10px&#8220; border_width_top_phone=&#8220;10px&#8220; box_shadow_horizontal_tablet=&#8220;0px&#8220; box_shadow_vertical_tablet=&#8220;0px&#8220; box_shadow_blur_tablet=&#8220;40px&#8220; box_shadow_spread_tablet=&#8220;0px&#8220; box_shadow_horizontal_image_tablet=&#8220;0px&#8220; box_shadow_vertical_image_tablet=&#8220;0px&#8220; box_shadow_blur_image_tablet=&#8220;40px&#8220; box_shadow_spread_image_tablet=&#8220;0px&#8220; text_shadow_horizontal_length_tablet=&#8220;0px&#8220; text_shadow_vertical_length_tablet=&#8220;0px&#8220; text_shadow_blur_strength_tablet=&#8220;1px&#8220; locked=&#8220;off&#8220; global_colors_info=&#8220;{}&#8220;]<br \/>\n[\/et_pb_gallery][\/et_pb_column][\/et_pb_section]<\/p>\n","protected":false},"excerpt":{"rendered":"<p>PreiseWas kostet ein Aufenthalt im Caminetto? Unsre Preise variieren von 45 \u20ac bis 100 \u20ac pro Person mit Halbpension je nach Saison. Kontaktieren Sie uns f\u00fcr Ihren Bestpreis!Kindererm\u00e4\u00dfigungen, bis zum Alter von 4 Jahren gratisWir haben auch zahlreiche Gruppen und es freut uns, Ihre Gruppe bei uns aufzunehmen. Je 20 zahlende Personen ein Aufenthalt gratis<\/p>\n","protected":false},"author":1,"featured_media":0,"parent":0,"menu_order":0,"comment_status":"closed","ping_status":"closed","template":"","meta":{"_et_pb_use_builder":"on","_et_pb_old_content":"","_et_gb_content_width":"","footnotes":""},"yoast_head":"<!-- This site is optimized with the Yoast SEO plugin v22.6 - https:\/\/yoast.com\/wordpress\/plugins\/seo\/ -->\n<title>Preise Hotel Valtournenche - Hotel Al Caminetto - Cervinia - Aostatal<\/title>\n<meta name=\"description\" content=\"Preise Hotel. Was kostet ein Aufenthalt im Caminetto?Unsre Preise variieren von 45 \u20ac bis 70 \u20ac pro Person mit Halbpension je nach Saison.Kontaktieren Sie uns f\u00fcr Ihren Bestpreis!\" \/>\n<meta name=\"robots\" content=\"index, follow, max-snippet:-1, max-image-preview:large, max-video-preview:-1\" \/>\n<link rel=\"canonical\" href=\"https:\/\/www.hotelalcaminetto.org\/de\/preise\/\" \/>\n<meta property=\"og:locale\" content=\"de_DE\" \/>\n<meta property=\"og:type\" content=\"article\" \/>\n<meta property=\"og:title\" content=\"Preise Hotel Valtournenche - Hotel Al Caminetto - Cervinia - Aostatal\" \/>\n<meta property=\"og:description\" content=\"Preise Hotel. Was kostet ein Aufenthalt im Caminetto?Unsre Preise variieren von 45 \u20ac bis 70 \u20ac pro Person mit Halbpension je nach Saison.Kontaktieren Sie uns f\u00fcr Ihren Bestpreis!\" \/>\n<meta property=\"og:url\" content=\"https:\/\/www.hotelalcaminetto.org\/de\/preise\/\" \/>\n<meta property=\"og:site_name\" content=\"Hotel Ristorante Al Caminetto - Valtournenche Cervinia\" \/>\n<meta property=\"article:modified_time\" content=\"2024-06-07T07:01:05+00:00\" \/>\n<meta name=\"twitter:card\" content=\"summary_large_image\" \/>\n<meta name=\"twitter:label1\" content=\"Gesch\u00e4tzte Lesezeit\" \/>\n\t<meta name=\"twitter:data1\" content=\"2\u00a0Minuten\" \/>\n<script type=\"application\/ld+json\" class=\"yoast-schema-graph\">{\"@context\":\"https:\/\/schema.org\",\"@graph\":[{\"@type\":\"WebPage\",\"@id\":\"https:\/\/www.hotelalcaminetto.org\/de\/preise\/\",\"url\":\"https:\/\/www.hotelalcaminetto.org\/de\/preise\/\",\"name\":\"Preise Hotel Valtournenche - Hotel Al Caminetto - Cervinia - Aostatal\",\"isPartOf\":{\"@id\":\"https:\/\/www.hotelalcaminetto.org\/de\/#website\"},\"datePublished\":\"2019-09-27T10:05:28+00:00\",\"dateModified\":\"2024-06-07T07:01:05+00:00\",\"description\":\"Preise Hotel. Was kostet ein Aufenthalt im Caminetto?Unsre Preise variieren von 45 \u20ac bis 70 \u20ac pro Person mit Halbpension je nach Saison.Kontaktieren Sie uns f\u00fcr Ihren Bestpreis!\",\"breadcrumb\":{\"@id\":\"https:\/\/www.hotelalcaminetto.org\/de\/preise\/#breadcrumb\"},\"inLanguage\":\"de\",\"potentialAction\":[{\"@type\":\"ReadAction\",\"target\":[\"https:\/\/www.hotelalcaminetto.org\/de\/preise\/\"]}]},{\"@type\":\"BreadcrumbList\",\"@id\":\"https:\/\/www.hotelalcaminetto.org\/de\/preise\/#breadcrumb\",\"itemListElement\":[{\"@type\":\"ListItem\",\"position\":1,\"name\":\"Home\",\"item\":\"https:\/\/www.hotelalcaminetto.org\/de\/\"},{\"@type\":\"ListItem\",\"position\":2,\"name\":\"Preise\"}]},{\"@type\":\"WebSite\",\"@id\":\"https:\/\/www.hotelalcaminetto.org\/de\/#website\",\"url\":\"https:\/\/www.hotelalcaminetto.org\/de\/\",\"name\":\"Hotel Ristorante Al Caminetto - Valtournenche Cervinia\",\"description\":\"Hotel Ristorante\",\"potentialAction\":[{\"@type\":\"SearchAction\",\"target\":{\"@type\":\"EntryPoint\",\"urlTemplate\":\"https:\/\/www.hotelalcaminetto.org\/de\/?s={search_term_string}\"},\"query-input\":\"required name=search_term_string\"}],\"inLanguage\":\"de\"}]}<\/script>\n<!-- \/ Yoast SEO plugin. -->","yoast_head_json":{"title":"Preise Hotel Valtournenche - Hotel Al Caminetto - Cervinia - Aostatal","description":"Preise Hotel. Was kostet ein Aufenthalt im Caminetto?Unsre Preise variieren von 45 \u20ac bis 70 \u20ac pro Person mit Halbpension je nach Saison.Kontaktieren Sie uns f\u00fcr Ihren Bestpreis!","robots":{"index":"index","follow":"follow","max-snippet":"max-snippet:-1","max-image-preview":"max-image-preview:large","max-video-preview":"max-video-preview:-1"},"canonical":"https:\/\/www.hotelalcaminetto.org\/de\/preise\/","og_locale":"de_DE","og_type":"article","og_title":"Preise Hotel Valtournenche - Hotel Al Caminetto - Cervinia - Aostatal","og_description":"Preise Hotel. Was kostet ein Aufenthalt im Caminetto?Unsre Preise variieren von 45 \u20ac bis 70 \u20ac pro Person mit Halbpension je nach Saison.Kontaktieren Sie uns f\u00fcr Ihren Bestpreis!","og_url":"https:\/\/www.hotelalcaminetto.org\/de\/preise\/","og_site_name":"Hotel Ristorante Al Caminetto - Valtournenche Cervinia","article_modified_time":"2024-06-07T07:01:05+00:00","twitter_card":"summary_large_image","twitter_misc":{"Gesch\u00e4tzte Lesezeit":"2\u00a0Minuten"},"schema":{"@context":"https:\/\/schema.org","@graph":[{"@type":"WebPage","@id":"https:\/\/www.hotelalcaminetto.org\/de\/preise\/","url":"https:\/\/www.hotelalcaminetto.org\/de\/preise\/","name":"Preise Hotel Valtournenche - Hotel Al Caminetto - Cervinia - Aostatal","isPartOf":{"@id":"https:\/\/www.hotelalcaminetto.org\/de\/#website"},"datePublished":"2019-09-27T10:05:28+00:00","dateModified":"2024-06-07T07:01:05+00:00","description":"Preise Hotel. Was kostet ein Aufenthalt im Caminetto?Unsre Preise variieren von 45 \u20ac bis 70 \u20ac pro Person mit Halbpension je nach Saison.Kontaktieren Sie uns f\u00fcr Ihren Bestpreis!","breadcrumb":{"@id":"https:\/\/www.hotelalcaminetto.org\/de\/preise\/#breadcrumb"},"inLanguage":"de","potentialAction":[{"@type":"ReadAction","target":["https:\/\/www.hotelalcaminetto.org\/de\/preise\/"]}]},{"@type":"BreadcrumbList","@id":"https:\/\/www.hotelalcaminetto.org\/de\/preise\/#breadcrumb","itemListElement":[{"@type":"ListItem","position":1,"name":"Home","item":"https:\/\/www.hotelalcaminetto.org\/de\/"},{"@type":"ListItem","position":2,"name":"Preise"}]},{"@type":"WebSite","@id":"https:\/\/www.hotelalcaminetto.org\/de\/#website","url":"https:\/\/www.hotelalcaminetto.org\/de\/","name":"Hotel Ristorante Al Caminetto - Valtournenche Cervinia","description":"Hotel Ristorante","potentialAction":[{"@type":"SearchAction","target":{"@type":"EntryPoint","urlTemplate":"https:\/\/www.hotelalcaminetto.org\/de\/?s={search_term_string}"},"query-input":"required name=search_term_string"}],"inLanguage":"de"}]}},"_links":{"self":[{"href":"https:\/\/www.hotelalcaminetto.org\/de\/wp-json\/wp\/v2\/pages\/1146"}],"collection":[{"href":"https:\/\/www.hotelalcaminetto.org\/de\/wp-json\/wp\/v2\/pages"}],"about":[{"href":"https:\/\/www.hotelalcaminetto.org\/de\/wp-json\/wp\/v2\/types\/page"}],"author":[{"embeddable":true,"href":"https:\/\/www.hotelalcaminetto.org\/de\/wp-json\/wp\/v2\/users\/1"}],"replies":[{"embeddable":true,"href":"https:\/\/www.hotelalcaminetto.org\/de\/wp-json\/wp\/v2\/comments?post=1146"}],"version-history":[{"count":6,"href":"https:\/\/www.hotelalcaminetto.org\/de\/wp-json\/wp\/v2\/pages\/1146\/revisions"}],"predecessor-version":[{"id":1317,"href":"https:\/\/www.hotelalcaminetto.org\/de\/wp-json\/wp\/v2\/pages\/1146\/revisions\/1317"}],"wp:attachment":[{"href":"https:\/\/www.hotelalcaminetto.org\/de\/wp-json\/wp\/v2\/media?parent=1146"}],"curies":[{"name":"wp","href":"https:\/\/api.w.org\/{rel}","templated":true}]}}