{"id":860,"date":"2019-09-27T08:31:33","date_gmt":"2019-09-27T08:31:33","guid":{"rendered":"https:\/\/hotelalcaminetto.devel10.com\/attivita\/"},"modified":"2019-11-22T11:43:57","modified_gmt":"2019-11-22T11:43:57","slug":"activites","status":"publish","type":"page","link":"https:\/\/www.hotelalcaminetto.org\/fr\/activites\/","title":{"rendered":"Activit\u00e9s"},"content":{"rendered":"<p>[et_pb_section fb_built=\u00a0\u00bb1&Prime; fullwidth=\u00a0\u00bbon\u00a0\u00bb _builder_version=\u00a0\u00bb3.27.4&Prime; locked=\u00a0\u00bboff\u00a0\u00bb][et_pb_fullwidth_image _builder_version=\u00a0\u00bb4.0.5&Prime; background_enable_color=\u00a0\u00bboff\u00a0\u00bb use_background_color_gradient=\u00a0\u00bbon\u00a0\u00bb background_color_gradient_start=\u00a0\u00bbrgba(0,0,0,0.75)\u00a0\u00bb background_color_gradient_end=\u00a0\u00bbrgba(255,255,255,0)\u00a0\u00bb background_color_gradient_overlays_image=\u00a0\u00bbon\u00a0\u00bb background_image=\u00a0\u00bbhttps:\/\/www.hotelalcaminetto.org\/wp-content\/uploads\/2019\/11\/slide_sciatori2.jpg\u00a0\u00bb height=\u00a0\u00bb696px\u00a0\u00bb height_tablet=\u00a0\u00bb419px\u00a0\u00bb height_phone=\u00a0\u00bb346px\u00a0\u00bb height_last_edited=\u00a0\u00bbon|tablet\u00a0\u00bb][\/et_pb_fullwidth_image][\/et_pb_section][et_pb_section fb_built=\u00a0\u00bb1&Prime; _builder_version=\u00a0\u00bb3.27.4&Prime; background_color_gradient_direction=\u00a0\u00bb107deg\u00a0\u00bb background_image=\u00a0\u00bbhttps:\/\/www.hotelalcaminetto.org\/wp-content\/uploads\/2019\/09\/sfondoscuro2.png\u00a0\u00bb background_size=\u00a0\u00bbinitial\u00a0\u00bb background_position=\u00a0\u00bbbottom_left\u00a0\u00bb background_repeat=\u00a0\u00bbrepeat\u00a0\u00bb custom_margin=\u00a0\u00bb0px||||false|false\u00a0\u00bb custom_padding=\u00a0\u00bb0px||||false|false\u00a0\u00bb locked=\u00a0\u00bboff\u00a0\u00bb][et_pb_row use_custom_gutter=\u00a0\u00bbon\u00a0\u00bb gutter_width=\u00a0\u00bb1&Prime; make_equal=\u00a0\u00bbon\u00a0\u00bb _builder_version=\u00a0\u00bb3.27.4&Prime; background_image=\u00a0\u00bbhttps:\/\/www.hotelalcaminetto.org\/wp-content\/uploads\/2019\/09\/cornice6.png\u00a0\u00bb background_size=\u00a0\u00bbinitial\u00a0\u00bb background_repeat=\u00a0\u00bbrepeat-x\u00a0\u00bb width=\u00a0\u00bb100%\u00a0\u00bb max_width=\u00a0\u00bb100%\u00a0\u00bb height=\u00a0\u00bb50px\u00a0\u00bb custom_margin=\u00a0\u00bb0px||0px||false|false\u00a0\u00bb custom_padding=\u00a0\u00bb0px||0px||false|false\u00a0\u00bb][et_pb_column type=\u00a0\u00bb4_4&Prime; _builder_version=\u00a0\u00bb3.27.4&Prime;][\/et_pb_column][\/et_pb_row][et_pb_row column_structure=\u00a0\u00bb1_2,1_2&Prime; _builder_version=\u00a0\u00bb3.29.3&Prime; custom_margin=\u00a0\u00bb40px||0px||false|false\u00a0\u00bb custom_padding=\u00a0\u00bb||0px||false|false\u00a0\u00bb][et_pb_column type=\u00a0\u00bb1_2&Prime; _builder_version=\u00a0\u00bb3.27.2&Prime;][et_pb_text _builder_version=\u00a0\u00bb4.0.5&Prime; text_text_color=\u00a0\u00bb#bb8b38&Prime; header_text_color=\u00a0\u00bb#ebdabe\u00a0\u00bb header_font_size=\u00a0\u00bb38px\u00a0\u00bb]<\/p>\n<h1>ActiVit\u00e9s<\/h1>\n<p>[\/et_pb_text][et_pb_divider color=\u00a0\u00bb#ebdabe\u00a0\u00bb divider_weight=\u00a0\u00bb2px\u00a0\u00bb disabled_on=\u00a0\u00bbon|off|off\u00a0\u00bb _builder_version=\u00a0\u00bb3.27.4&Prime; width=\u00a0\u00bb6%\u00a0\u00bb custom_margin=\u00a0\u00bb||||false|false\u00a0\u00bb custom_padding=\u00a0\u00bb0vh||||false|false\u00a0\u00bb][\/et_pb_divider][et_pb_text _builder_version=\u00a0\u00bb4.0.5&Prime; text_text_color=\u00a0\u00bb#ffffff\u00a0\u00bb text_font_size=\u00a0\u00bb17px\u00a0\u00bb text_line_height=\u00a0\u00bb1.5em\u00a0\u00bb transform_scale_tablet=\u00a0\u00bb\u00a0\u00bb transform_scale_phone=\u00a0\u00bb\u00a0\u00bb transform_scale_last_edited=\u00a0\u00bbon|desktop\u00a0\u00bb transform_translate=\u00a0\u00bb-15px|-6vh\u00a0\u00bb transform_translate_tablet=\u00a0\u00bb\u00a0\u00bb transform_translate_phone=\u00a0\u00bb\u00a0\u00bb transform_translate_last_edited=\u00a0\u00bbon|phone\u00a0\u00bb transform_translate_linked=\u00a0\u00bboff\u00a0\u00bb transform_rotate_tablet=\u00a0\u00bb\u00a0\u00bb transform_rotate_phone=\u00a0\u00bb\u00a0\u00bb transform_rotate_last_edited=\u00a0\u00bbon|desktop\u00a0\u00bb transform_skew_tablet=\u00a0\u00bb\u00a0\u00bb transform_skew_phone=\u00a0\u00bb\u00a0\u00bb transform_skew_last_edited=\u00a0\u00bbon|desktop\u00a0\u00bb transform_origin_tablet=\u00a0\u00bb\u00a0\u00bb transform_origin_phone=\u00a0\u00bb\u00a0\u00bb transform_origin_last_edited=\u00a0\u00bbon|desktop\u00a0\u00bb transform_styles_last_edited=\u00a0\u00bbon|phone\u00a0\u00bb custom_margin=\u00a0\u00bb|||60px|false|false\u00a0\u00bb custom_margin_tablet=\u00a0\u00bb\u00a0\u00bb custom_margin_phone=\u00a0\u00bb|||20px|false|false\u00a0\u00bb custom_margin_last_edited=\u00a0\u00bbon|phone\u00a0\u00bb z_index_tablet=\u00a0\u00bb500&Prime; transform_styles_tablet=\u00a0\u00bb\u00a0\u00bb transform_styles_phone=\u00a0\u00bb\u00a0\u00bb text_text_shadow_horizontal_length_tablet=\u00a0\u00bb0px\u00a0\u00bb text_text_shadow_vertical_length_tablet=\u00a0\u00bb0px\u00a0\u00bb text_text_shadow_blur_strength_tablet=\u00a0\u00bb1px\u00a0\u00bb link_text_shadow_horizontal_length_tablet=\u00a0\u00bb0px\u00a0\u00bb link_text_shadow_vertical_length_tablet=\u00a0\u00bb0px\u00a0\u00bb link_text_shadow_blur_strength_tablet=\u00a0\u00bb1px\u00a0\u00bb ul_text_shadow_horizontal_length_tablet=\u00a0\u00bb0px\u00a0\u00bb ul_text_shadow_vertical_length_tablet=\u00a0\u00bb0px\u00a0\u00bb ul_text_shadow_blur_strength_tablet=\u00a0\u00bb1px\u00a0\u00bb ol_text_shadow_horizontal_length_tablet=\u00a0\u00bb0px\u00a0\u00bb ol_text_shadow_vertical_length_tablet=\u00a0\u00bb0px\u00a0\u00bb ol_text_shadow_blur_strength_tablet=\u00a0\u00bb1px\u00a0\u00bb quote_text_shadow_horizontal_length_tablet=\u00a0\u00bb0px\u00a0\u00bb quote_text_shadow_vertical_length_tablet=\u00a0\u00bb0px\u00a0\u00bb quote_text_shadow_blur_strength_tablet=\u00a0\u00bb1px\u00a0\u00bb header_text_shadow_horizontal_length_tablet=\u00a0\u00bb0px\u00a0\u00bb header_text_shadow_vertical_length_tablet=\u00a0\u00bb0px\u00a0\u00bb header_text_shadow_blur_strength_tablet=\u00a0\u00bb1px\u00a0\u00bb header_2_text_shadow_horizontal_length_tablet=\u00a0\u00bb0px\u00a0\u00bb header_2_text_shadow_vertical_length_tablet=\u00a0\u00bb0px\u00a0\u00bb header_2_text_shadow_blur_strength_tablet=\u00a0\u00bb1px\u00a0\u00bb header_3_text_shadow_horizontal_length_tablet=\u00a0\u00bb0px\u00a0\u00bb header_3_text_shadow_vertical_length_tablet=\u00a0\u00bb0px\u00a0\u00bb header_3_text_shadow_blur_strength_tablet=\u00a0\u00bb1px\u00a0\u00bb header_4_text_shadow_horizontal_length_tablet=\u00a0\u00bb0px\u00a0\u00bb header_4_text_shadow_vertical_length_tablet=\u00a0\u00bb0px\u00a0\u00bb header_4_text_shadow_blur_strength_tablet=\u00a0\u00bb1px\u00a0\u00bb header_5_text_shadow_horizontal_length_tablet=\u00a0\u00bb0px\u00a0\u00bb header_5_text_shadow_vertical_length_tablet=\u00a0\u00bb0px\u00a0\u00bb header_5_text_shadow_blur_strength_tablet=\u00a0\u00bb1px\u00a0\u00bb header_6_text_shadow_horizontal_length_tablet=\u00a0\u00bb0px\u00a0\u00bb header_6_text_shadow_vertical_length_tablet=\u00a0\u00bb0px\u00a0\u00bb header_6_text_shadow_blur_strength_tablet=\u00a0\u00bb1px\u00a0\u00bb box_shadow_horizontal_tablet=\u00a0\u00bb0px\u00a0\u00bb box_shadow_vertical_tablet=\u00a0\u00bb0px\u00a0\u00bb box_shadow_blur_tablet=\u00a0\u00bb40px\u00a0\u00bb box_shadow_spread_tablet=\u00a0\u00bb0px\u00a0\u00bb]<\/p>\n<p><strong>Quelles activit\u00e9s peuvent \u00eatre faites?<\/strong><br \/>Ici, nous sommes forts (sans arrogance, je crois) sur la connaissance de notre territoire. Nous connaissons l\u2019histoire et la culture de notre Vall\u00e9e, nous vous dirons o\u00f9 ils sont les ch\u00e2teaux et les monuments plus charmants et pittoresques ainsi que les antiquit\u00e9s romaines. Mon p\u00e8re est moniteur de ski, cycliste et cycliste de montagne et conna\u00eet chaque piste et les sentiers comme ses poches: il vous conseillera pour le meilleur! Mon fr\u00e8re est passionn\u00e9 de descente libre avec le v\u00e9lo et sera en mesure de vous donner toutes les informations que vous recherchez. Et moi? Je suis passionn\u00e9 de sports de montagne, de la course \u00e0 pied \u00e0 l&rsquo;escalade en passant par l&rsquo;alpinisme, du v\u00e9lo de montagne au ski alpin et au ski de fond, de la randonn\u00e9e dans nos montagnes aux voyages dans les montagnes Himalayennes &#8230;<br \/>Mais il existe une grande passion qui caract\u00e9rise notre famille depuis plusieurs g\u00e9n\u00e9rations: vous accueillir dans nos montagnes.<br \/>Chaque semaine, chaque jour, chaque heure et \u00e0 chaque instant avec un sourire serein, nous vous accompagnons dans vos vacances avec la chaleur d&rsquo;une grande famille.<\/p>\n<p>[\/et_pb_text][\/et_pb_column][et_pb_column type=\u00a0\u00bb1_2&Prime; _builder_version=\u00a0\u00bb3.27.2&Prime;][et_pb_gallery gallery_ids=\u00a0\u00bb778,774,777,773,925,933,921,929,945,771,937,941&Prime; fullwidth=\u00a0\u00bbon\u00a0\u00bb hover_icon=\u00a0\u00bb%%15%%\u00a0\u00bb _builder_version=\u00a0\u00bb4.0.5&Prime; title_text_color=\u00a0\u00bb#ffffff\u00a0\u00bb pagination_text_color=\u00a0\u00bb#ffffff\u00a0\u00bb background_layout=\u00a0\u00bbdark\u00a0\u00bb custom_padding=\u00a0\u00bb60px||||false|false\u00a0\u00bb custom_padding_tablet=\u00a0\u00bb0px||||false|false\u00a0\u00bb custom_padding_phone=\u00a0\u00bb\u00a0\u00bb custom_padding_last_edited=\u00a0\u00bbon|desktop\u00a0\u00bb auto=\u00a0\u00bbon\u00a0\u00bb auto_speed=\u00a0\u00bb4000&Prime; z_index_tablet=\u00a0\u00bb500&Prime; title_text_shadow_horizontal_length_tablet=\u00a0\u00bb0px\u00a0\u00bb title_text_shadow_vertical_length_tablet=\u00a0\u00bb0px\u00a0\u00bb title_text_shadow_blur_strength_tablet=\u00a0\u00bb1px\u00a0\u00bb caption_text_shadow_horizontal_length_tablet=\u00a0\u00bb0px\u00a0\u00bb caption_text_shadow_vertical_length_tablet=\u00a0\u00bb0px\u00a0\u00bb caption_text_shadow_blur_strength_tablet=\u00a0\u00bb1px\u00a0\u00bb pagination_text_shadow_horizontal_length_tablet=\u00a0\u00bb0px\u00a0\u00bb pagination_text_shadow_vertical_length_tablet=\u00a0\u00bb0px\u00a0\u00bb pagination_text_shadow_blur_strength_tablet=\u00a0\u00bb1px\u00a0\u00bb border_width_top=\u00a0\u00bb10px\u00a0\u00bb border_color_top=\u00a0\u00bb#ebdabe\u00a0\u00bb border_width_top_tablet=\u00a0\u00bb10px\u00a0\u00bb border_width_top_phone=\u00a0\u00bb10px\u00a0\u00bb box_shadow_horizontal_tablet=\u00a0\u00bb0px\u00a0\u00bb box_shadow_vertical_tablet=\u00a0\u00bb0px\u00a0\u00bb box_shadow_blur_tablet=\u00a0\u00bb40px\u00a0\u00bb box_shadow_spread_tablet=\u00a0\u00bb0px\u00a0\u00bb box_shadow_horizontal_image_tablet=\u00a0\u00bb0px\u00a0\u00bb box_shadow_vertical_image_tablet=\u00a0\u00bb0px\u00a0\u00bb box_shadow_blur_image_tablet=\u00a0\u00bb40px\u00a0\u00bb box_shadow_spread_image_tablet=\u00a0\u00bb0px\u00a0\u00bb text_shadow_horizontal_length_tablet=\u00a0\u00bb0px\u00a0\u00bb text_shadow_vertical_length_tablet=\u00a0\u00bb0px\u00a0\u00bb text_shadow_blur_strength_tablet=\u00a0\u00bb1px\u00a0\u00bb locked=\u00a0\u00bboff\u00a0\u00bb][\/et_pb_gallery][\/et_pb_column][\/et_pb_row][et_pb_row _builder_version=\u00a0\u00bb3.29.3&Prime; custom_margin=\u00a0\u00bb0px||||false|false\u00a0\u00bb custom_margin_tablet=\u00a0\u00bb40px||||false|false\u00a0\u00bb custom_margin_phone=\u00a0\u00bb\u00a0\u00bb custom_margin_last_edited=\u00a0\u00bbon|phone\u00a0\u00bb custom_padding=\u00a0\u00bb0px||||false|false\u00a0\u00bb][et_pb_column type=\u00a0\u00bb4_4&Prime; _builder_version=\u00a0\u00bb3.29.3&Prime;][et_pb_text _builder_version=\u00a0\u00bb3.29.3&Prime; text_text_color=\u00a0\u00bb#bb8b38&Prime; header_text_color=\u00a0\u00bb#ebdabe\u00a0\u00bb header_font_size=\u00a0\u00bb38px\u00a0\u00bb locked=\u00a0\u00bboff\u00a0\u00bb]<\/p>\n<h1>SerVices<\/h1>\n<p>[\/et_pb_text][\/et_pb_column][\/et_pb_row][et_pb_row column_structure=\u00a0\u00bb1_4,1_4,1_4,1_4&Prime; _builder_version=\u00a0\u00bb3.29.3&Prime; module_alignment=\u00a0\u00bbcenter\u00a0\u00bb custom_margin=\u00a0\u00bb0px||||false|false\u00a0\u00bb custom_padding=\u00a0\u00bb0px||||false|false\u00a0\u00bb][et_pb_column type=\u00a0\u00bb1_4&Prime; _builder_version=\u00a0\u00bb3.29.3&Prime;][et_pb_blurb title=\u00a0\u00bbDEPOT DE VELOS\u00a0\u00bb image=\u00a0\u00bbhttps:\/\/www.hotelalcaminetto.org\/wp-content\/uploads\/2019\/10\/bici2.png\u00a0\u00bb _builder_version=\u00a0\u00bb4.0.5&Prime; header_font=\u00a0\u00bbOxygen|||on|||||\u00a0\u00bb header_text_align=\u00a0\u00bbcenter\u00a0\u00bb header_text_color=\u00a0\u00bb#e8dabe\u00a0\u00bb header_font_size=\u00a0\u00bb14px\u00a0\u00bb text_orientation=\u00a0\u00bbcenter\u00a0\u00bb animation_style=\u00a0\u00bbfade\u00a0\u00bb animation=\u00a0\u00bbright\u00a0\u00bb border_width_bottom_image=\u00a0\u00bb5px\u00a0\u00bb border_color_bottom_image=\u00a0\u00bb#664b37&Prime; locked=\u00a0\u00bboff\u00a0\u00bb][\/et_pb_blurb][\/et_pb_column][et_pb_column type=\u00a0\u00bb1_4&Prime; _builder_version=\u00a0\u00bb3.29.3&Prime;][et_pb_blurb title=\u00a0\u00bbDEPOT DE SKIS\u00a0\u00bb image=\u00a0\u00bbhttps:\/\/www.hotelalcaminetto.org\/wp-content\/uploads\/2019\/10\/depositosci.png\u00a0\u00bb _builder_version=\u00a0\u00bb4.0.5&Prime; header_font=\u00a0\u00bbOxygen||||||||\u00a0\u00bb header_text_align=\u00a0\u00bbcenter\u00a0\u00bb header_text_color=\u00a0\u00bb#e8dabe\u00a0\u00bb header_font_size=\u00a0\u00bb14px\u00a0\u00bb text_orientation=\u00a0\u00bbcenter\u00a0\u00bb animation_style=\u00a0\u00bbfade\u00a0\u00bb animation=\u00a0\u00bbright\u00a0\u00bb border_width_bottom_image=\u00a0\u00bb5px\u00a0\u00bb border_color_bottom_image=\u00a0\u00bb#664b37&Prime; locked=\u00a0\u00bboff\u00a0\u00bb][\/et_pb_blurb][\/et_pb_column][et_pb_column type=\u00a0\u00bb1_4&Prime; _builder_version=\u00a0\u00bb3.29.3&Prime;][et_pb_blurb title=\u00a0\u00bbseche chaussures de ski\u00a0\u00bb image=\u00a0\u00bbhttps:\/\/www.hotelalcaminetto.org\/wp-content\/uploads\/2019\/10\/scarponi.png\u00a0\u00bb _builder_version=\u00a0\u00bb4.0.5&Prime; header_font=\u00a0\u00bbOxygen|||on|||||\u00a0\u00bb header_text_align=\u00a0\u00bbcenter\u00a0\u00bb header_text_color=\u00a0\u00bb#e8dabe\u00a0\u00bb header_font_size=\u00a0\u00bb14px\u00a0\u00bb text_orientation=\u00a0\u00bbcenter\u00a0\u00bb animation_style=\u00a0\u00bbfade\u00a0\u00bb animation=\u00a0\u00bbright\u00a0\u00bb border_width_bottom_image=\u00a0\u00bb5px\u00a0\u00bb border_color_bottom_image=\u00a0\u00bb#664b37&Prime; locked=\u00a0\u00bboff\u00a0\u00bb][\/et_pb_blurb][\/et_pb_column][et_pb_column type=\u00a0\u00bb1_4&Prime; _builder_version=\u00a0\u00bb3.29.3&Prime;][et_pb_blurb title=\u00a0\u00bbJARDIN\u00a0\u00bb image=\u00a0\u00bbhttps:\/\/www.hotelalcaminetto.org\/wp-content\/uploads\/2019\/11\/giardino.png\u00a0\u00bb _builder_version=\u00a0\u00bb4.0.5&Prime; header_font=\u00a0\u00bbOxygen||||||||\u00a0\u00bb header_text_align=\u00a0\u00bbcenter\u00a0\u00bb header_text_color=\u00a0\u00bb#e8dabe\u00a0\u00bb header_font_size=\u00a0\u00bb14px\u00a0\u00bb text_orientation=\u00a0\u00bbcenter\u00a0\u00bb animation_style=\u00a0\u00bbfade\u00a0\u00bb animation=\u00a0\u00bbright\u00a0\u00bb border_width_bottom_image=\u00a0\u00bb5px\u00a0\u00bb border_color_bottom_image=\u00a0\u00bb#664b37&Prime; locked=\u00a0\u00bboff\u00a0\u00bb][\/et_pb_blurb][\/et_pb_column][\/et_pb_row][\/et_pb_section]<\/p>\n","protected":false},"excerpt":{"rendered":"<p>ActiVit\u00e9sQuelles activit\u00e9s peuvent \u00eatre faites?Ici, nous sommes forts (sans arrogance, je crois) sur la connaissance de notre territoire. Nous connaissons l\u2019histoire et la culture de notre Vall\u00e9e, nous vous dirons o\u00f9 ils sont les ch\u00e2teaux et les monuments plus charmants et pittoresques ainsi que les antiquit\u00e9s romaines. Mon p\u00e8re est moniteur de ski, cycliste et [&hellip;]<\/p>\n","protected":false},"author":1,"featured_media":0,"parent":0,"menu_order":0,"comment_status":"closed","ping_status":"closed","template":"","meta":{"_et_pb_use_builder":"on","_et_pb_old_content":"","_et_gb_content_width":"","footnotes":""},"yoast_head":"<!-- This site is optimized with the Yoast SEO plugin v22.6 - https:\/\/yoast.com\/wordpress\/plugins\/seo\/ -->\n<title>Activit\u00e9s Valtournenche - Hotel Al Caminetto - Valtourenche Cervinia<\/title>\n<meta name=\"description\" content=\"Quelles activit\u00e9s peuvent \u00eatre faites? Ici, nous sommes forts sur la connaissance de notre territoire. Nous connaissons l\u2019histoire et la culture de notre...\" \/>\n<meta name=\"robots\" content=\"index, follow, max-snippet:-1, max-image-preview:large, max-video-preview:-1\" \/>\n<link rel=\"canonical\" href=\"https:\/\/www.hotelalcaminetto.org\/fr\/activites\/\" \/>\n<meta property=\"og:locale\" content=\"fr_FR\" \/>\n<meta property=\"og:type\" content=\"article\" \/>\n<meta property=\"og:title\" content=\"Activit\u00e9s Valtournenche - Hotel Al Caminetto - Valtourenche Cervinia\" \/>\n<meta property=\"og:description\" content=\"Quelles activit\u00e9s peuvent \u00eatre faites? Ici, nous sommes forts sur la connaissance de notre territoire. Nous connaissons l\u2019histoire et la culture de notre...\" \/>\n<meta property=\"og:url\" content=\"https:\/\/www.hotelalcaminetto.org\/fr\/activites\/\" \/>\n<meta property=\"og:site_name\" content=\"Hotel Ristorante Al Caminetto - Valtournenche Cervinia\" \/>\n<meta property=\"article:modified_time\" content=\"2019-11-22T11:43:57+00:00\" \/>\n<meta name=\"twitter:card\" content=\"summary_large_image\" \/>\n<meta name=\"twitter:label1\" content=\"Dur\u00e9e de lecture estim\u00e9e\" \/>\n\t<meta name=\"twitter:data1\" content=\"7 minutes\" \/>\n<script type=\"application\/ld+json\" class=\"yoast-schema-graph\">{\"@context\":\"https:\/\/schema.org\",\"@graph\":[{\"@type\":\"WebPage\",\"@id\":\"https:\/\/www.hotelalcaminetto.org\/fr\/activites\/\",\"url\":\"https:\/\/www.hotelalcaminetto.org\/fr\/activites\/\",\"name\":\"Activit\u00e9s Valtournenche - Hotel Al Caminetto - Valtourenche Cervinia\",\"isPartOf\":{\"@id\":\"https:\/\/www.hotelalcaminetto.org\/fr\/#website\"},\"datePublished\":\"2019-09-27T08:31:33+00:00\",\"dateModified\":\"2019-11-22T11:43:57+00:00\",\"description\":\"Quelles activit\u00e9s peuvent \u00eatre faites? Ici, nous sommes forts sur la connaissance de notre territoire. Nous connaissons l\u2019histoire et la culture de notre...\",\"breadcrumb\":{\"@id\":\"https:\/\/www.hotelalcaminetto.org\/fr\/activites\/#breadcrumb\"},\"inLanguage\":\"fr-FR\",\"potentialAction\":[{\"@type\":\"ReadAction\",\"target\":[\"https:\/\/www.hotelalcaminetto.org\/fr\/activites\/\"]}]},{\"@type\":\"BreadcrumbList\",\"@id\":\"https:\/\/www.hotelalcaminetto.org\/fr\/activites\/#breadcrumb\",\"itemListElement\":[{\"@type\":\"ListItem\",\"position\":1,\"name\":\"Home\",\"item\":\"https:\/\/www.hotelalcaminetto.org\/fr\/\"},{\"@type\":\"ListItem\",\"position\":2,\"name\":\"Activit\u00e9s\"}]},{\"@type\":\"WebSite\",\"@id\":\"https:\/\/www.hotelalcaminetto.org\/fr\/#website\",\"url\":\"https:\/\/www.hotelalcaminetto.org\/fr\/\",\"name\":\"Hotel Ristorante Al Caminetto - Valtournenche Cervinia\",\"description\":\"Hotel Ristorante\",\"potentialAction\":[{\"@type\":\"SearchAction\",\"target\":{\"@type\":\"EntryPoint\",\"urlTemplate\":\"https:\/\/www.hotelalcaminetto.org\/fr\/?s={search_term_string}\"},\"query-input\":\"required name=search_term_string\"}],\"inLanguage\":\"fr-FR\"}]}<\/script>\n<!-- \/ Yoast SEO plugin. -->","yoast_head_json":{"title":"Activit\u00e9s Valtournenche - Hotel Al Caminetto - Valtourenche Cervinia","description":"Quelles activit\u00e9s peuvent \u00eatre faites? Ici, nous sommes forts sur la connaissance de notre territoire. Nous connaissons l\u2019histoire et la culture de notre...","robots":{"index":"index","follow":"follow","max-snippet":"max-snippet:-1","max-image-preview":"max-image-preview:large","max-video-preview":"max-video-preview:-1"},"canonical":"https:\/\/www.hotelalcaminetto.org\/fr\/activites\/","og_locale":"fr_FR","og_type":"article","og_title":"Activit\u00e9s Valtournenche - Hotel Al Caminetto - Valtourenche Cervinia","og_description":"Quelles activit\u00e9s peuvent \u00eatre faites? Ici, nous sommes forts sur la connaissance de notre territoire. Nous connaissons l\u2019histoire et la culture de notre...","og_url":"https:\/\/www.hotelalcaminetto.org\/fr\/activites\/","og_site_name":"Hotel Ristorante Al Caminetto - Valtournenche Cervinia","article_modified_time":"2019-11-22T11:43:57+00:00","twitter_card":"summary_large_image","twitter_misc":{"Dur\u00e9e de lecture estim\u00e9e":"7 minutes"},"schema":{"@context":"https:\/\/schema.org","@graph":[{"@type":"WebPage","@id":"https:\/\/www.hotelalcaminetto.org\/fr\/activites\/","url":"https:\/\/www.hotelalcaminetto.org\/fr\/activites\/","name":"Activit\u00e9s Valtournenche - Hotel Al Caminetto - Valtourenche Cervinia","isPartOf":{"@id":"https:\/\/www.hotelalcaminetto.org\/fr\/#website"},"datePublished":"2019-09-27T08:31:33+00:00","dateModified":"2019-11-22T11:43:57+00:00","description":"Quelles activit\u00e9s peuvent \u00eatre faites? Ici, nous sommes forts sur la connaissance de notre territoire. Nous connaissons l\u2019histoire et la culture de notre...","breadcrumb":{"@id":"https:\/\/www.hotelalcaminetto.org\/fr\/activites\/#breadcrumb"},"inLanguage":"fr-FR","potentialAction":[{"@type":"ReadAction","target":["https:\/\/www.hotelalcaminetto.org\/fr\/activites\/"]}]},{"@type":"BreadcrumbList","@id":"https:\/\/www.hotelalcaminetto.org\/fr\/activites\/#breadcrumb","itemListElement":[{"@type":"ListItem","position":1,"name":"Home","item":"https:\/\/www.hotelalcaminetto.org\/fr\/"},{"@type":"ListItem","position":2,"name":"Activit\u00e9s"}]},{"@type":"WebSite","@id":"https:\/\/www.hotelalcaminetto.org\/fr\/#website","url":"https:\/\/www.hotelalcaminetto.org\/fr\/","name":"Hotel Ristorante Al Caminetto - Valtournenche Cervinia","description":"Hotel Ristorante","potentialAction":[{"@type":"SearchAction","target":{"@type":"EntryPoint","urlTemplate":"https:\/\/www.hotelalcaminetto.org\/fr\/?s={search_term_string}"},"query-input":"required name=search_term_string"}],"inLanguage":"fr-FR"}]}},"_links":{"self":[{"href":"https:\/\/www.hotelalcaminetto.org\/fr\/wp-json\/wp\/v2\/pages\/860"}],"collection":[{"href":"https:\/\/www.hotelalcaminetto.org\/fr\/wp-json\/wp\/v2\/pages"}],"about":[{"href":"https:\/\/www.hotelalcaminetto.org\/fr\/wp-json\/wp\/v2\/types\/page"}],"author":[{"embeddable":true,"href":"https:\/\/www.hotelalcaminetto.org\/fr\/wp-json\/wp\/v2\/users\/1"}],"replies":[{"embeddable":true,"href":"https:\/\/www.hotelalcaminetto.org\/fr\/wp-json\/wp\/v2\/comments?post=860"}],"version-history":[{"count":7,"href":"https:\/\/www.hotelalcaminetto.org\/fr\/wp-json\/wp\/v2\/pages\/860\/revisions"}],"predecessor-version":[{"id":995,"href":"https:\/\/www.hotelalcaminetto.org\/fr\/wp-json\/wp\/v2\/pages\/860\/revisions\/995"}],"wp:attachment":[{"href":"https:\/\/www.hotelalcaminetto.org\/fr\/wp-json\/wp\/v2\/media?parent=860"}],"curies":[{"name":"wp","href":"https:\/\/api.w.org\/{rel}","templated":true}]}}