{"id":886,"date":"2019-09-30T08:19:34","date_gmt":"2019-09-30T08:19:34","guid":{"rendered":"https:\/\/hotelalcaminetto.devel10.com\/contatti\/"},"modified":"2019-11-22T11:50:09","modified_gmt":"2019-11-22T11:50:09","slug":"contacts","status":"publish","type":"page","link":"https:\/\/www.hotelalcaminetto.org\/fr\/contacts\/","title":{"rendered":"Contacts"},"content":{"rendered":"<p>[et_pb_section fb_built=\u00a0\u00bb1&Prime; fullwidth=\u00a0\u00bbon\u00a0\u00bb _builder_version=\u00a0\u00bb3.27.4&Prime; locked=\u00a0\u00bboff\u00a0\u00bb][et_pb_fullwidth_image _builder_version=\u00a0\u00bb3.29.3&Prime; background_enable_color=\u00a0\u00bboff\u00a0\u00bb use_background_color_gradient=\u00a0\u00bbon\u00a0\u00bb background_color_gradient_start=\u00a0\u00bbrgba(0,0,0,0.75)\u00a0\u00bb background_color_gradient_end=\u00a0\u00bbrgba(255,255,255,0)\u00a0\u00bb background_color_gradient_overlays_image=\u00a0\u00bbon\u00a0\u00bb background_image=\u00a0\u00bbhttps:\/\/www.hotelalcaminetto.org\/wp-content\/uploads\/2019\/11\/slide_contatti.jpg\u00a0\u00bb height=\u00a0\u00bb696px\u00a0\u00bb height_tablet=\u00a0\u00bb419px\u00a0\u00bb height_phone=\u00a0\u00bb346px\u00a0\u00bb height_last_edited=\u00a0\u00bbon|tablet\u00a0\u00bb][\/et_pb_fullwidth_image][\/et_pb_section][et_pb_section fb_built=\u00a0\u00bb1&Prime; _builder_version=\u00a0\u00bb3.27.4&Prime; background_color_gradient_direction=\u00a0\u00bb107deg\u00a0\u00bb background_image=\u00a0\u00bbhttps:\/\/www.hotelalcaminetto.org\/wp-content\/uploads\/2019\/09\/sfondoscuro2.png\u00a0\u00bb background_size=\u00a0\u00bbinitial\u00a0\u00bb background_position=\u00a0\u00bbbottom_left\u00a0\u00bb background_repeat=\u00a0\u00bbrepeat\u00a0\u00bb custom_margin=\u00a0\u00bb0px||||false|false\u00a0\u00bb custom_padding=\u00a0\u00bb0px||||false|false\u00a0\u00bb locked=\u00a0\u00bboff\u00a0\u00bb][et_pb_row use_custom_gutter=\u00a0\u00bbon\u00a0\u00bb gutter_width=\u00a0\u00bb1&Prime; make_equal=\u00a0\u00bbon\u00a0\u00bb _builder_version=\u00a0\u00bb3.27.4&Prime; background_image=\u00a0\u00bbhttps:\/\/www.hotelalcaminetto.org\/wp-content\/uploads\/2019\/09\/cornice6.png\u00a0\u00bb background_size=\u00a0\u00bbinitial\u00a0\u00bb background_repeat=\u00a0\u00bbrepeat-x\u00a0\u00bb width=\u00a0\u00bb100%\u00a0\u00bb max_width=\u00a0\u00bb100%\u00a0\u00bb height=\u00a0\u00bb50px\u00a0\u00bb custom_margin=\u00a0\u00bb0px||0px||false|false\u00a0\u00bb custom_padding=\u00a0\u00bb0px||0px||false|false\u00a0\u00bb][et_pb_column type=\u00a0\u00bb4_4&Prime; _builder_version=\u00a0\u00bb3.27.4&Prime;][\/et_pb_column][\/et_pb_row][et_pb_row column_structure=\u00a0\u00bb1_3,1_3,1_3&Prime; _builder_version=\u00a0\u00bb3.27.4&Prime; custom_margin=\u00a0\u00bb40px||0px||false|false\u00a0\u00bb custom_padding=\u00a0\u00bb||0px||false|false\u00a0\u00bb][et_pb_column type=\u00a0\u00bb1_3&Prime; _builder_version=\u00a0\u00bb3.27.2&Prime;][et_pb_text _builder_version=\u00a0\u00bb4.0.5&Prime; text_text_color=\u00a0\u00bb#bb8b38&Prime; header_text_color=\u00a0\u00bb#ebdabe\u00a0\u00bb header_font_size=\u00a0\u00bb38px\u00a0\u00bb]<\/p>\n<h1>CoNtacts<\/h1>\n<p>[\/et_pb_text][\/et_pb_column][et_pb_column type=\u00a0\u00bb1_3&Prime; _builder_version=\u00a0\u00bb3.27.2&Prime;][\/et_pb_column][et_pb_column type=\u00a0\u00bb1_3&Prime; _builder_version=\u00a0\u00bb3.27.2&Prime;][\/et_pb_column][\/et_pb_row][et_pb_row column_structure=\u00a0\u00bb1_3,1_3,1_3&Prime; _builder_version=\u00a0\u00bb3.27.4&Prime; custom_margin=\u00a0\u00bb0px||0px||false|false\u00a0\u00bb custom_padding=\u00a0\u00bb||0px||false|false\u00a0\u00bb][et_pb_column type=\u00a0\u00bb1_3&Prime; _builder_version=\u00a0\u00bb3.27.2&Prime;][et_pb_blurb title=\u00a0\u00bbAdresse\u00a0\u00bb use_icon=\u00a0\u00bbon\u00a0\u00bb font_icon=\u00a0\u00bb%%122%%\u00a0\u00bb icon_color=\u00a0\u00bb#ebdabe\u00a0\u00bb icon_placement=\u00a0\u00bbleft\u00a0\u00bb _builder_version=\u00a0\u00bb4.0.5&Prime; header_font=\u00a0\u00bbCinzel Decorative|700|||||||\u00a0\u00bb header_text_color=\u00a0\u00bb#ebdabe\u00a0\u00bb header_font_size=\u00a0\u00bb18px\u00a0\u00bb header_line_height=\u00a0\u00bb1.1em\u00a0\u00bb body_text_color=\u00a0\u00bb#ffffff\u00a0\u00bb body_font_size=\u00a0\u00bb15px\u00a0\u00bb body_line_height=\u00a0\u00bb1.2em\u00a0\u00bb background_layout=\u00a0\u00bbdark\u00a0\u00bb custom_margin=\u00a0\u00bb||20px||false|false\u00a0\u00bb custom_padding=\u00a0\u00bb||0px||false|false\u00a0\u00bb animation_style=\u00a0\u00bbslide\u00a0\u00bb animation_direction=\u00a0\u00bbright\u00a0\u00bb animation=\u00a0\u00bbright\u00a0\u00bb locked=\u00a0\u00bboff\u00a0\u00bb]<\/p>\n<p>Via Roma 30 &#8211; 11028 Valtournenche<br \/> Breuil Cervinia (AO) &#8211; Italie<\/p>\n<p>[\/et_pb_blurb][\/et_pb_column][et_pb_column type=\u00a0\u00bb1_3&Prime; _builder_version=\u00a0\u00bb3.27.2&Prime;][et_pb_blurb title=\u00a0\u00bbTelepHone\u00a0\u00bb use_icon=\u00a0\u00bbon\u00a0\u00bb font_icon=\u00a0\u00bb%%104%%\u00a0\u00bb icon_color=\u00a0\u00bb#ebdabe\u00a0\u00bb icon_placement=\u00a0\u00bbleft\u00a0\u00bb _builder_version=\u00a0\u00bb4.0.5&Prime; header_font=\u00a0\u00bbCinzel Decorative|700|||||||\u00a0\u00bb header_text_color=\u00a0\u00bb#ebdabe\u00a0\u00bb header_font_size=\u00a0\u00bb18px\u00a0\u00bb header_line_height=\u00a0\u00bb1.1em\u00a0\u00bb body_text_color=\u00a0\u00bb#ffffff\u00a0\u00bb body_font_size=\u00a0\u00bb15px\u00a0\u00bb body_line_height=\u00a0\u00bb1.2em\u00a0\u00bb background_layout=\u00a0\u00bbdark\u00a0\u00bb custom_margin=\u00a0\u00bb||20px||false|false\u00a0\u00bb custom_padding=\u00a0\u00bb||0px||false|false\u00a0\u00bb animation_style=\u00a0\u00bbslide\u00a0\u00bb animation=\u00a0\u00bbright\u00a0\u00bb locked=\u00a0\u00bboff\u00a0\u00bb]<\/p>\n<p>0039 0166\/92150<\/p>\n<p>[\/et_pb_blurb][et_pb_blurb title=\u00a0\u00bbportAble et Whatsapp\u00a0\u00bb use_icon=\u00a0\u00bbon\u00a0\u00bb font_icon=\u00a0\u00bb%%104%%\u00a0\u00bb icon_color=\u00a0\u00bb#ebdabe\u00a0\u00bb icon_placement=\u00a0\u00bbleft\u00a0\u00bb _builder_version=\u00a0\u00bb4.0.5&Prime; header_font=\u00a0\u00bbCinzel Decorative|700|||||||\u00a0\u00bb header_text_color=\u00a0\u00bb#ebdabe\u00a0\u00bb header_font_size=\u00a0\u00bb18px\u00a0\u00bb header_line_height=\u00a0\u00bb1.1em\u00a0\u00bb body_text_color=\u00a0\u00bb#ffffff\u00a0\u00bb body_font_size=\u00a0\u00bb15px\u00a0\u00bb body_line_height=\u00a0\u00bb1.2em\u00a0\u00bb background_layout=\u00a0\u00bbdark\u00a0\u00bb custom_margin=\u00a0\u00bb||20px||false|false\u00a0\u00bb custom_padding=\u00a0\u00bb||0px||false|false\u00a0\u00bb animation_style=\u00a0\u00bbslide\u00a0\u00bb animation=\u00a0\u00bbright\u00a0\u00bb locked=\u00a0\u00bboff\u00a0\u00bb]<\/p>\n<p>0039 347\/2527345<\/p>\n<p>[\/et_pb_blurb][\/et_pb_column][et_pb_column type=\u00a0\u00bb1_3&Prime; _builder_version=\u00a0\u00bb3.27.2&Prime;][et_pb_blurb title=\u00a0\u00bbE-Mail\u00a0\u00bb use_icon=\u00a0\u00bbon\u00a0\u00bb font_icon=\u00a0\u00bb%%109%%\u00a0\u00bb icon_color=\u00a0\u00bb#ebdabe\u00a0\u00bb icon_placement=\u00a0\u00bbleft\u00a0\u00bb _builder_version=\u00a0\u00bb3.27.4&Prime; header_font=\u00a0\u00bbCinzel Decorative|700|||||||\u00a0\u00bb header_text_color=\u00a0\u00bb#ebdabe\u00a0\u00bb header_font_size=\u00a0\u00bb18px\u00a0\u00bb header_line_height=\u00a0\u00bb1.1em\u00a0\u00bb body_text_color=\u00a0\u00bb#ffffff\u00a0\u00bb body_font_size=\u00a0\u00bb15px\u00a0\u00bb body_line_height=\u00a0\u00bb1.2em\u00a0\u00bb background_layout=\u00a0\u00bbdark\u00a0\u00bb custom_margin=\u00a0\u00bb||20px||false|false\u00a0\u00bb custom_padding=\u00a0\u00bb||0px||false|false\u00a0\u00bb animation_style=\u00a0\u00bbslide\u00a0\u00bb animation_direction=\u00a0\u00bbleft\u00a0\u00bb animation=\u00a0\u00bbright\u00a0\u00bb locked=\u00a0\u00bboff\u00a0\u00bb]<\/p>\n<p>hotelalcaminetto@libero.it<\/p>\n<p>[\/et_pb_blurb][\/et_pb_column][\/et_pb_row][\/et_pb_section][et_pb_section fb_built=\u00a0\u00bb1&Prime; fullwidth=\u00a0\u00bbon\u00a0\u00bb _builder_version=\u00a0\u00bb3.27.4&Prime;][et_pb_fullwidth_code _builder_version=\u00a0\u00bb3.27.4&Prime;]<iframe loading=\"lazy\" src=\"https:\/\/www.google.com\/maps\/embed?pb=!1m18!1m12!1m3!1d1388.8767345087308!2d7.623052491243059!3d45.87624170342197!2m3!1f0!2f0!3f0!3m2!1i1024!2i768!4f13.1!3m3!1m2!1s0x4788cea1cb1253f7%3A0x841a8a7e9c34a098!2sHotel%20Al%20Caminetto!5e0!3m2!1sit!2sit!4v1569832638472!5m2!1sit!2sit\" width=\"100%\" height=\"450\" frameborder=\"0\" style=\"border:0;\" allowfullscreen=\"\"><\/iframe>[\/et_pb_fullwidth_code][\/et_pb_section][et_pb_section fb_built=\u00a0\u00bb1&Prime; _builder_version=\u00a0\u00bb3.27.4&Prime; background_image=\u00a0\u00bbhttps:\/\/www.hotelalcaminetto.org\/wp-content\/uploads\/2019\/09\/sfondochiaro.png\u00a0\u00bb background_size=\u00a0\u00bbinitial\u00a0\u00bb background_repeat=\u00a0\u00bbrepeat\u00a0\u00bb][et_pb_row column_structure=\u00a0\u00bb1_2,1_2&Prime; _builder_version=\u00a0\u00bb3.27.4&Prime; custom_margin=\u00a0\u00bb40px||0px||false|false\u00a0\u00bb custom_padding=\u00a0\u00bb||0px||false|false\u00a0\u00bb][et_pb_column type=\u00a0\u00bb1_2&Prime; _builder_version=\u00a0\u00bb3.27.2&Prime;][et_pb_text _builder_version=\u00a0\u00bb4.0.5&Prime; text_text_color=\u00a0\u00bb#bb8b38&Prime; header_text_color=\u00a0\u00bb#664b37&Prime; header_font_size=\u00a0\u00bb38px\u00a0\u00bb]<\/p>\n<h1>ou sommes Nous<\/h1>\n<p>[\/et_pb_text][et_pb_divider color=\u00a0\u00bb#664b37&Prime; divider_weight=\u00a0\u00bb2px\u00a0\u00bb disabled_on=\u00a0\u00bbon|off|off\u00a0\u00bb _builder_version=\u00a0\u00bb3.27.4&Prime; width=\u00a0\u00bb6%\u00a0\u00bb custom_margin=\u00a0\u00bb||||false|false\u00a0\u00bb custom_padding=\u00a0\u00bb0vh||||false|false\u00a0\u00bb][\/et_pb_divider][et_pb_text _builder_version=\u00a0\u00bb4.0.5&Prime; text_font_size=\u00a0\u00bb17px\u00a0\u00bb text_line_height=\u00a0\u00bb1.5em\u00a0\u00bb transform_scale_tablet=\u00a0\u00bb\u00a0\u00bb transform_scale_phone=\u00a0\u00bb\u00a0\u00bb transform_scale_last_edited=\u00a0\u00bbon|desktop\u00a0\u00bb transform_translate=\u00a0\u00bb-15px|-6vh\u00a0\u00bb transform_translate_tablet=\u00a0\u00bb\u00a0\u00bb transform_translate_phone=\u00a0\u00bb\u00a0\u00bb transform_translate_last_edited=\u00a0\u00bbon|phone\u00a0\u00bb transform_translate_linked=\u00a0\u00bboff\u00a0\u00bb transform_rotate_tablet=\u00a0\u00bb\u00a0\u00bb transform_rotate_phone=\u00a0\u00bb\u00a0\u00bb transform_rotate_last_edited=\u00a0\u00bbon|desktop\u00a0\u00bb transform_skew_tablet=\u00a0\u00bb\u00a0\u00bb transform_skew_phone=\u00a0\u00bb\u00a0\u00bb transform_skew_last_edited=\u00a0\u00bbon|desktop\u00a0\u00bb transform_origin_tablet=\u00a0\u00bb\u00a0\u00bb transform_origin_phone=\u00a0\u00bb\u00a0\u00bb transform_origin_last_edited=\u00a0\u00bbon|desktop\u00a0\u00bb transform_styles_last_edited=\u00a0\u00bbon|phone\u00a0\u00bb custom_margin=\u00a0\u00bb|||60px|false|false\u00a0\u00bb custom_margin_tablet=\u00a0\u00bb\u00a0\u00bb custom_margin_phone=\u00a0\u00bb|||20px|false|false\u00a0\u00bb custom_margin_last_edited=\u00a0\u00bbon|phone\u00a0\u00bb z_index_tablet=\u00a0\u00bb500&Prime; transform_styles_tablet=\u00a0\u00bb\u00a0\u00bb transform_styles_phone=\u00a0\u00bb\u00a0\u00bb text_text_shadow_horizontal_length_tablet=\u00a0\u00bb0px\u00a0\u00bb text_text_shadow_vertical_length_tablet=\u00a0\u00bb0px\u00a0\u00bb text_text_shadow_blur_strength_tablet=\u00a0\u00bb1px\u00a0\u00bb link_text_shadow_horizontal_length_tablet=\u00a0\u00bb0px\u00a0\u00bb link_text_shadow_vertical_length_tablet=\u00a0\u00bb0px\u00a0\u00bb link_text_shadow_blur_strength_tablet=\u00a0\u00bb1px\u00a0\u00bb ul_text_shadow_horizontal_length_tablet=\u00a0\u00bb0px\u00a0\u00bb ul_text_shadow_vertical_length_tablet=\u00a0\u00bb0px\u00a0\u00bb ul_text_shadow_blur_strength_tablet=\u00a0\u00bb1px\u00a0\u00bb ol_text_shadow_horizontal_length_tablet=\u00a0\u00bb0px\u00a0\u00bb ol_text_shadow_vertical_length_tablet=\u00a0\u00bb0px\u00a0\u00bb ol_text_shadow_blur_strength_tablet=\u00a0\u00bb1px\u00a0\u00bb quote_text_shadow_horizontal_length_tablet=\u00a0\u00bb0px\u00a0\u00bb quote_text_shadow_vertical_length_tablet=\u00a0\u00bb0px\u00a0\u00bb quote_text_shadow_blur_strength_tablet=\u00a0\u00bb1px\u00a0\u00bb header_text_shadow_horizontal_length_tablet=\u00a0\u00bb0px\u00a0\u00bb header_text_shadow_vertical_length_tablet=\u00a0\u00bb0px\u00a0\u00bb header_text_shadow_blur_strength_tablet=\u00a0\u00bb1px\u00a0\u00bb header_2_text_shadow_horizontal_length_tablet=\u00a0\u00bb0px\u00a0\u00bb header_2_text_shadow_vertical_length_tablet=\u00a0\u00bb0px\u00a0\u00bb header_2_text_shadow_blur_strength_tablet=\u00a0\u00bb1px\u00a0\u00bb header_3_text_shadow_horizontal_length_tablet=\u00a0\u00bb0px\u00a0\u00bb header_3_text_shadow_vertical_length_tablet=\u00a0\u00bb0px\u00a0\u00bb header_3_text_shadow_blur_strength_tablet=\u00a0\u00bb1px\u00a0\u00bb header_4_text_shadow_horizontal_length_tablet=\u00a0\u00bb0px\u00a0\u00bb header_4_text_shadow_vertical_length_tablet=\u00a0\u00bb0px\u00a0\u00bb header_4_text_shadow_blur_strength_tablet=\u00a0\u00bb1px\u00a0\u00bb header_5_text_shadow_horizontal_length_tablet=\u00a0\u00bb0px\u00a0\u00bb header_5_text_shadow_vertical_length_tablet=\u00a0\u00bb0px\u00a0\u00bb header_5_text_shadow_blur_strength_tablet=\u00a0\u00bb1px\u00a0\u00bb header_6_text_shadow_horizontal_length_tablet=\u00a0\u00bb0px\u00a0\u00bb header_6_text_shadow_vertical_length_tablet=\u00a0\u00bb0px\u00a0\u00bb header_6_text_shadow_blur_strength_tablet=\u00a0\u00bb1px\u00a0\u00bb box_shadow_horizontal_tablet=\u00a0\u00bb0px\u00a0\u00bb box_shadow_vertical_tablet=\u00a0\u00bb0px\u00a0\u00bb box_shadow_blur_tablet=\u00a0\u00bb40px\u00a0\u00bb box_shadow_spread_tablet=\u00a0\u00bb0px\u00a0\u00bb]<\/p>\n<p><strong>O\u00f9 se trouve Al Caminetto?<\/strong><br \/>Nous sommes \u00e0 Valtournenche, au milieu du pays, dans le coeur de la Vall\u00e9e du Cervin, au centre des alpes, au d\u00e9part d\u2019un des plus beau domaine skiable existant et \u00e0 9 km d\u2019une des plus belles et plus importantes montagnes du monde: <strong>Le Cervin<\/strong>.<br \/>Notre pays est Valtournenche, o\u00f9 se trouvent des peintures rupestres datant du n\u00e9olithique et o\u00f9, vers la fin du XIXe si\u00e8cle, l\u2019un des plus grands \u00e9v\u00e9nements de l\u2019histoire de l\u2019alpinisme avec la conqu\u00eate du Cervin. <\/p>\n<p><strong>Valtournenche<\/strong> est le lieux de naissance de l\u2019alpinisme, o\u00f9 le tourisme de montagne est commenc\u00e9 et o\u00f9 chaque montagne autour de nous racontent. Ils parlent d&rsquo;histoires de dur labeur et de travail dans les champs pour produire peu de pommes de terre ou de carottes, mais aussi de paix et de s\u00e9r\u00e9nit\u00e9, d&rsquo;\u00e9motions, de tranquillit\u00e9 et de temps qui s&rsquo;\u00e9tend \u00e0 l&rsquo;infini pour oublier notre vie tr\u00e9pidante. <\/p>\n<p>En outre les paysages sont magnifiques avec des montagnes qui semblent imprenables o\u00f9 les aigles, les bouquetins, les chamois et les marmottes sont \u00e0 la maison, la nature est encore intacte, le regard il va se perdre dans la beaut\u00e9 qui va remplir notre monde.<\/p>\n<p>[\/et_pb_text][\/et_pb_column][et_pb_column type=\u00a0\u00bb1_2&Prime; _builder_version=\u00a0\u00bb3.27.2&Prime;][et_pb_blurb title=\u00a0\u00bbComment on peut Arriver en Voiture?\u00a0\u00bb use_icon=\u00a0\u00bbon\u00a0\u00bb font_icon=\u00a0\u00bb%%3%%\u00a0\u00bb icon_color=\u00a0\u00bb#bb8b38&Prime; icon_placement=\u00a0\u00bbleft\u00a0\u00bb _builder_version=\u00a0\u00bb4.0.5&Prime; header_font=\u00a0\u00bb||||||||\u00a0\u00bb header_text_color=\u00a0\u00bb#664b37&Prime; header_font_size=\u00a0\u00bb24px\u00a0\u00bb header_line_height=\u00a0\u00bb1.3em\u00a0\u00bb]<\/p>\n<p>En voiture, prendre l\u2019autoroute jusqu\u2019\u00e0 Chatillon o\u00f9 vous sortez et suivez les panneaux en direction de Cervinia. Apr\u00e8s 18 km (20 minutes) au milieu de la nature avec des vues panoramiques sur le Cervin vous arrivez chez nous.<\/p>\n<p>[\/et_pb_blurb][et_pb_blurb title=\u00a0\u00bbComment on peut Arriver en Avion?\u00a0\u00bb use_icon=\u00a0\u00bbon\u00a0\u00bb font_icon=\u00a0\u00bb%%3%%\u00a0\u00bb icon_color=\u00a0\u00bb#bb8b38&Prime; icon_placement=\u00a0\u00bbleft\u00a0\u00bb _builder_version=\u00a0\u00bb4.0.5&Prime; header_font=\u00a0\u00bb||||||||\u00a0\u00bb header_text_color=\u00a0\u00bb#664b37&Prime; header_font_size=\u00a0\u00bb24px\u00a0\u00bb header_line_height=\u00a0\u00bb1.3em\u00a0\u00bb]<\/p>\n<p>En avion, vous pouvez arriver \u00e0 l&rsquo;a\u00e9roport de Caselle (Turin), situ\u00e9 \u00e0 une heure et demie en voiture de nous, \u00e0 Malpensa (Milan) \u00e0 environ 2 heures de nous ou \u00e0 Orio al Serio (Bergame) \u00e0 2 heures et 30 minutes. Pour ceux qui arrivent par avion, nous vous recommandons de louer une voiture car c&rsquo;est le moyen le plus simple et le plus pratique.<br \/>Finalement, il y a les alternatives suivantes:<\/p>\n<p><strong>Bus e navette<\/strong><br \/> <a href=\"http:\/\/www.savda.it\" target=\"_blank\" rel=\"noopener noreferrer\">www.savda.it<\/a><br \/> <a href=\"http:\/\/www.sadem.it\" target=\"_blank\" rel=\"noopener noreferrer\">www.sadem.it<br \/> <\/a><a href=\"https:\/\/www.airportransferservices.com\/\"><\/a><a href=\"https:\/\/www.airportransferservices.com\/\" target=\"_blank\" rel=\"noopener noreferrer\">www.airportransferservices.com<br \/> <\/a><a href=\"https:\/\/www.how2transfer.com\/it\/servizi\/?redir=1\" target=\"_blank\" rel=\"noopener noreferrer\">www.how2transfer.com<\/a><\/p>\n<p><strong>Taxi<br \/> <\/strong>Daniele +39 3391390429<br \/> Paolo +39 3355653189<br \/> Pino +39 3483123036<\/p>\n<p>[\/et_pb_blurb][et_pb_blurb title=\u00a0\u00bbComment s&rsquo;y Rendre en Train?\u00a0\u00bb use_icon=\u00a0\u00bbon\u00a0\u00bb font_icon=\u00a0\u00bb%%3%%\u00a0\u00bb icon_color=\u00a0\u00bb#bb8b38&Prime; icon_placement=\u00a0\u00bbleft\u00a0\u00bb _builder_version=\u00a0\u00bb4.0.5&Prime; header_font=\u00a0\u00bb||||||||\u00a0\u00bb header_text_color=\u00a0\u00bb#664b37&Prime; header_font_size=\u00a0\u00bb24px\u00a0\u00bb header_line_height=\u00a0\u00bb1.3em\u00a0\u00bb]<\/p>\n<p>En train, vous atteignez Ch\u00e2tillon et de l\u00e0, continuez en bus jusqu&rsquo;\u00e0 Valtournenche.<br \/>L&rsquo;arr\u00eat de bus \u00e0 Valtournenche se trouve \u00e0 20 m\u00e8tres de l&rsquo;h\u00f4tel \u00ab\u00a0Al Caminetto\u00a0\u00bb.<\/p>\n<p><strong>Per gli orari dei treni<\/strong><br \/> <a href=\"https:\/\/www.trenitalia.com\/\" target=\"_blank\" rel=\"noopener noreferrer\">www.trenitalia.com<br \/> <\/a><br \/> <strong>Per gli orari dei pullman<\/strong><br \/> <a href=\"http:\/\/www.savda.it\/\" target=\"_blank\" rel=\"noopener noreferrer\">www.savda.it<\/a><\/p>\n<p>[\/et_pb_blurb][\/et_pb_column][\/et_pb_row][\/et_pb_section]<\/p>\n","protected":false},"excerpt":{"rendered":"<p>CoNtactsVia Roma 30 &#8211; 11028 Valtournenche Breuil Cervinia (AO) &#8211; Italie0039 0166\/921500039 347\/2527345hotelalcaminetto@libero.itou sommes NousO\u00f9 se trouve Al Caminetto?Nous sommes \u00e0 Valtournenche, au milieu du pays, dans le coeur de la Vall\u00e9e du Cervin, au centre des alpes, au d\u00e9part d\u2019un des plus beau domaine skiable existant et \u00e0 9 km d\u2019une des plus belles [&hellip;]<\/p>\n","protected":false},"author":1,"featured_media":0,"parent":0,"menu_order":0,"comment_status":"closed","ping_status":"closed","template":"","meta":{"_et_pb_use_builder":"on","_et_pb_old_content":"","_et_gb_content_width":"","footnotes":""},"yoast_head":"<!-- This site is optimized with the Yoast SEO plugin v22.6 - https:\/\/yoast.com\/wordpress\/plugins\/seo\/ -->\n<title>Hotel Restaurant Al Caminetto - Valtournenche Cervinia - Vall\u00e9e d&#039;Aoste<\/title>\n<meta name=\"description\" content=\"Nous sommes \u00e0 Valtournenche, au milieu du pays, dans le coeur de la Vall\u00e9e du Cervin, au centre des alpes, au d\u00e9part d\u2019un des plus beau domaine skiable...\" \/>\n<meta name=\"robots\" content=\"index, follow, max-snippet:-1, max-image-preview:large, max-video-preview:-1\" \/>\n<link rel=\"canonical\" href=\"https:\/\/www.hotelalcaminetto.org\/fr\/contacts\/\" \/>\n<meta property=\"og:locale\" content=\"fr_FR\" \/>\n<meta property=\"og:type\" content=\"article\" \/>\n<meta property=\"og:title\" content=\"Hotel Restaurant Al Caminetto - Valtournenche Cervinia - Vall\u00e9e d&#039;Aoste\" \/>\n<meta property=\"og:description\" content=\"Nous sommes \u00e0 Valtournenche, au milieu du pays, dans le coeur de la Vall\u00e9e du Cervin, au centre des alpes, au d\u00e9part d\u2019un des plus beau domaine skiable...\" \/>\n<meta property=\"og:url\" content=\"https:\/\/www.hotelalcaminetto.org\/fr\/contacts\/\" \/>\n<meta property=\"og:site_name\" content=\"Hotel Ristorante Al Caminetto - Valtournenche Cervinia\" \/>\n<meta property=\"article:modified_time\" content=\"2019-11-22T11:50:09+00:00\" \/>\n<meta name=\"twitter:card\" content=\"summary_large_image\" \/>\n<meta name=\"twitter:label1\" content=\"Dur\u00e9e de lecture estim\u00e9e\" \/>\n\t<meta name=\"twitter:data1\" content=\"8 minutes\" \/>\n<script type=\"application\/ld+json\" class=\"yoast-schema-graph\">{\"@context\":\"https:\/\/schema.org\",\"@graph\":[{\"@type\":\"WebPage\",\"@id\":\"https:\/\/www.hotelalcaminetto.org\/fr\/contacts\/\",\"url\":\"https:\/\/www.hotelalcaminetto.org\/fr\/contacts\/\",\"name\":\"Hotel Restaurant Al Caminetto - Valtournenche Cervinia - Vall\u00e9e d'Aoste\",\"isPartOf\":{\"@id\":\"https:\/\/www.hotelalcaminetto.org\/fr\/#website\"},\"datePublished\":\"2019-09-30T08:19:34+00:00\",\"dateModified\":\"2019-11-22T11:50:09+00:00\",\"description\":\"Nous sommes \u00e0 Valtournenche, au milieu du pays, dans le coeur de la Vall\u00e9e du Cervin, au centre des alpes, au d\u00e9part d\u2019un des plus beau domaine skiable...\",\"breadcrumb\":{\"@id\":\"https:\/\/www.hotelalcaminetto.org\/fr\/contacts\/#breadcrumb\"},\"inLanguage\":\"fr-FR\",\"potentialAction\":[{\"@type\":\"ReadAction\",\"target\":[\"https:\/\/www.hotelalcaminetto.org\/fr\/contacts\/\"]}]},{\"@type\":\"BreadcrumbList\",\"@id\":\"https:\/\/www.hotelalcaminetto.org\/fr\/contacts\/#breadcrumb\",\"itemListElement\":[{\"@type\":\"ListItem\",\"position\":1,\"name\":\"Home\",\"item\":\"https:\/\/www.hotelalcaminetto.org\/fr\/\"},{\"@type\":\"ListItem\",\"position\":2,\"name\":\"Contacts\"}]},{\"@type\":\"WebSite\",\"@id\":\"https:\/\/www.hotelalcaminetto.org\/fr\/#website\",\"url\":\"https:\/\/www.hotelalcaminetto.org\/fr\/\",\"name\":\"Hotel Ristorante Al Caminetto - Valtournenche Cervinia\",\"description\":\"Hotel Ristorante\",\"potentialAction\":[{\"@type\":\"SearchAction\",\"target\":{\"@type\":\"EntryPoint\",\"urlTemplate\":\"https:\/\/www.hotelalcaminetto.org\/fr\/?s={search_term_string}\"},\"query-input\":\"required name=search_term_string\"}],\"inLanguage\":\"fr-FR\"}]}<\/script>\n<!-- \/ Yoast SEO plugin. -->","yoast_head_json":{"title":"Hotel Restaurant Al Caminetto - Valtournenche Cervinia - Vall\u00e9e d'Aoste","description":"Nous sommes \u00e0 Valtournenche, au milieu du pays, dans le coeur de la Vall\u00e9e du Cervin, au centre des alpes, au d\u00e9part d\u2019un des plus beau domaine skiable...","robots":{"index":"index","follow":"follow","max-snippet":"max-snippet:-1","max-image-preview":"max-image-preview:large","max-video-preview":"max-video-preview:-1"},"canonical":"https:\/\/www.hotelalcaminetto.org\/fr\/contacts\/","og_locale":"fr_FR","og_type":"article","og_title":"Hotel Restaurant Al Caminetto - Valtournenche Cervinia - Vall\u00e9e d'Aoste","og_description":"Nous sommes \u00e0 Valtournenche, au milieu du pays, dans le coeur de la Vall\u00e9e du Cervin, au centre des alpes, au d\u00e9part d\u2019un des plus beau domaine skiable...","og_url":"https:\/\/www.hotelalcaminetto.org\/fr\/contacts\/","og_site_name":"Hotel Ristorante Al Caminetto - Valtournenche Cervinia","article_modified_time":"2019-11-22T11:50:09+00:00","twitter_card":"summary_large_image","twitter_misc":{"Dur\u00e9e de lecture estim\u00e9e":"8 minutes"},"schema":{"@context":"https:\/\/schema.org","@graph":[{"@type":"WebPage","@id":"https:\/\/www.hotelalcaminetto.org\/fr\/contacts\/","url":"https:\/\/www.hotelalcaminetto.org\/fr\/contacts\/","name":"Hotel Restaurant Al Caminetto - Valtournenche Cervinia - Vall\u00e9e d'Aoste","isPartOf":{"@id":"https:\/\/www.hotelalcaminetto.org\/fr\/#website"},"datePublished":"2019-09-30T08:19:34+00:00","dateModified":"2019-11-22T11:50:09+00:00","description":"Nous sommes \u00e0 Valtournenche, au milieu du pays, dans le coeur de la Vall\u00e9e du Cervin, au centre des alpes, au d\u00e9part d\u2019un des plus beau domaine skiable...","breadcrumb":{"@id":"https:\/\/www.hotelalcaminetto.org\/fr\/contacts\/#breadcrumb"},"inLanguage":"fr-FR","potentialAction":[{"@type":"ReadAction","target":["https:\/\/www.hotelalcaminetto.org\/fr\/contacts\/"]}]},{"@type":"BreadcrumbList","@id":"https:\/\/www.hotelalcaminetto.org\/fr\/contacts\/#breadcrumb","itemListElement":[{"@type":"ListItem","position":1,"name":"Home","item":"https:\/\/www.hotelalcaminetto.org\/fr\/"},{"@type":"ListItem","position":2,"name":"Contacts"}]},{"@type":"WebSite","@id":"https:\/\/www.hotelalcaminetto.org\/fr\/#website","url":"https:\/\/www.hotelalcaminetto.org\/fr\/","name":"Hotel Ristorante Al Caminetto - Valtournenche Cervinia","description":"Hotel Ristorante","potentialAction":[{"@type":"SearchAction","target":{"@type":"EntryPoint","urlTemplate":"https:\/\/www.hotelalcaminetto.org\/fr\/?s={search_term_string}"},"query-input":"required name=search_term_string"}],"inLanguage":"fr-FR"}]}},"_links":{"self":[{"href":"https:\/\/www.hotelalcaminetto.org\/fr\/wp-json\/wp\/v2\/pages\/886"}],"collection":[{"href":"https:\/\/www.hotelalcaminetto.org\/fr\/wp-json\/wp\/v2\/pages"}],"about":[{"href":"https:\/\/www.hotelalcaminetto.org\/fr\/wp-json\/wp\/v2\/types\/page"}],"author":[{"embeddable":true,"href":"https:\/\/www.hotelalcaminetto.org\/fr\/wp-json\/wp\/v2\/users\/1"}],"replies":[{"embeddable":true,"href":"https:\/\/www.hotelalcaminetto.org\/fr\/wp-json\/wp\/v2\/comments?post=886"}],"version-history":[{"count":6,"href":"https:\/\/www.hotelalcaminetto.org\/fr\/wp-json\/wp\/v2\/pages\/886\/revisions"}],"predecessor-version":[{"id":1033,"href":"https:\/\/www.hotelalcaminetto.org\/fr\/wp-json\/wp\/v2\/pages\/886\/revisions\/1033"}],"wp:attachment":[{"href":"https:\/\/www.hotelalcaminetto.org\/fr\/wp-json\/wp\/v2\/media?parent=886"}],"curies":[{"name":"wp","href":"https:\/\/api.w.org\/{rel}","templated":true}]}}